{"id":7125,"date":"2016-11-08T15:03:23","date_gmt":"2016-11-08T14:03:23","guid":{"rendered":"http:\/\/www.hotellalvdalen.se\/?page_id=7125"},"modified":"2022-11-15T13:58:16","modified_gmt":"2022-11-15T12:58:16","slug":"bokningsregler","status":"publish","type":"page","link":"https:\/\/www.hotellalvdalen.se\/sv\/bokningsregler\/","title":{"rendered":"Bokningsregler"},"content":{"rendered":"<h3>Allm\u00e4nt<\/h3>\n<p><!--more--><\/p>\n<p>\u00d6ppettider i Receptionen: M\u00e5ndag &#8211; L\u00f6rdag kl. 7.00-21.00, S\u00f6ndag kl. 7.00-12.00, f\u00f6r att komma in n\u00e4r vi har st\u00e4ngt kr\u00e4vs en nyckel eller portkod, koden f\u00e5r ni om ni\u00a0 kontaktar receptionen p\u00e5 tel. +46 (0) 251-105 00.<br \/>\nFrukost, skatter och avgifter \u00e4r inkluderat i rumspriset. Vid eventuella allergier\/specialkost kontakta receptionen ang\u00e5ende frukosten innan ankomst. Eventuella \u00f6nskem\u00e5l om rumstyp som ni angett vid bokningen kan tillgodoses i m\u00e5n av tillg\u00e4nglighet.<\/p>\n<h3>Bokning och bekr\u00e4ftelse<\/h3>\n<p>En bokning \u00e4r bindande i och med att den bekr\u00e4ftats och du f\u00e5tt ett bokningsnummer. Detta kan ske muntligen, skriftligen eller digitalt. Vid bokningen \u00e4r du skyldig att uppge namn, telefonnummer, ankomst- och avresetid samt hur betalning skall ske. F\u00f6r att boka ett rum p\u00e5 Hotell \u00c4lvdalen m\u00e5ste du vara minst 18 \u00e5r. Du som bokar rummet f\u00f6r en under\u00e5rig \u00e4r ansvarig oavsett om du bor eller inte bor med den under\u00e5riga i rummet.<\/p>\n<h3>Ankomst och avresa<\/h3>\n<p>Hotellrummet st\u00e5r till ditt f\u00f6rfogande fr\u00e5n kl. 15.00 ankomstdagen. Avresedagen m\u00e5ste du checka ut senast kl. 12.00.<\/p>\n<h3>Avbokning och utebliven ankomst<\/h3>\n<p>Vi f\u00f6ljer Visitas regler f\u00f6r avbokning. Om inte annat \u00f6verenskommits vid bokningstillf\u00e4llet skall avbest\u00e4llning ske senast kl.18.00 (hotellets tid) dagen innan ankomst. Uteblir du utan avbest\u00e4llning eller avbest\u00e4ller senare \u00e4n kl. 18.00, f\u00e5r du betala f\u00f6r ett dygn. Om hotellet haft s\u00e4rskilda kostnader med anledning av din best\u00e4llning f\u00e5r du ers\u00e4tta \u00e4ven dessa.<br \/>\nOBS! Vid Vasaloppsveckorna vecka 8 och vecka 9, \u00c4lvdalens Musik-och Motormusik vecka 32, andra st\u00f6rre arrangemang och specialpaket g\u00e4ller andra bokningsregler. Se regler l\u00e4ngst ner p\u00e5 sidan.<\/p>\n<h3>Tidig avresa och vistelse p\u00e5 obest\u00e4md tid<\/h3>\n<p>G\u00e4ller din bokning en best\u00e4md tidsperiod, men avresan sker tidigare, kan det medf\u00f6ra prisjusteringar. Ta kontakt med hotellet och meddela avresa. Bor du p\u00e5 hotellet p\u00e5 obest\u00e4md tid och f\u00f6rl\u00e4nger din vistelse med ett dygn i taget beh\u00f6ver du meddela avresan senast kl 18.00 dagen f\u00f6re. I annat fall debiterar vi f\u00f6r ett extra dygn. Om hotellet inte l\u00e4ngre kan l\u00e5ta dig disponera rummet har du r\u00e4tt att f\u00e5 veta detta senast kl.18.00 dagen f\u00f6re avresan.<\/p>\n<h3>Betalning<\/h3>\n<p>F\u00f6r vissa priser g\u00e4ller f\u00f6rskottsbetalning. Detta belopp avr\u00e4knas den slutliga r\u00e4kningen. Avbokar du rummet utan h\u00e4nsyn till avbokningsvillkoren, har hotellet r\u00e4tt att beh\u00e5lla bokningsavgiften\/f\u00f6rskottsbetalningen. Generellt g\u00e4ller att hotellr\u00e4kningen skall betalas n\u00e4r du f\u00e5r den, oftast vid ankomsten till hotellet. Hotell \u00c4lvdalen accepterar de vanligast f\u00f6rekommande kontokorten. Hotellet \u00e4r dock inte skyldigt att acceptera kontokort, checkar, kuponger eller utl\u00e4ndsk valuta om hotellet inte har erbjudit sig att g\u00f6ra det. Hotell \u00c4lvdalen \u00e4r ett kontantfritt hotell\/restaurang.<\/p>\n<h3>Fakturering<\/h3>\n<p>Betalning kan om \u00f6verenskommet ske mot faktura. Fakturaunderlag kr\u00e4vs med uppgifter om fakturaadress, organisationsnummer, telefonnummer och referens\/m\u00e4rkning. Vid fakturering skall betalningen vara oss tillhanda senast 10 dagar fr\u00e5n fakturadatum. Vid f\u00f6rsenad betalning tas lagstadgad p\u00e5minnelseavgift samt lagstadgad dr\u00f6jsm\u00e5lsr\u00e4nta ut. Vi f\u00f6rbeh\u00e5ller oss r\u00e4tten att kunna s\u00e4ga nej till fakturering vid tillf\u00e4llen vi finner det n\u00f6dv\u00e4ndigt.<\/p>\n<h3>S\u00e4rskilda \u00f6nskem\u00e5l vid best\u00e4llning eller rumsbokning<\/h3>\n<p>Har best\u00e4llaren s\u00e4rskilda \u00f6nskem\u00e5l vad g\u00e4ller math\u00e5llning (specialkost), husdjur eller anpassning av inredning till kunder med funktionshinder, ska dessa bokas redan vid best\u00e4llningstillf\u00e4llet. Detsamma g\u00e4ller om best\u00e4llaren kr\u00e4ver s\u00e4rskilda s\u00e4kerhetsarrangemang.<\/p>\n<h3>F\u00f6rvaring av v\u00e4rdesaker och bagage p\u00e5 hotellrummet eller i l\u00e5st f\u00f6rvaringsutrymme<\/h3>\n<p>Hotellet kan f\u00f6rvara ditt bagage, s\u00e4g bara till i receptionen. L\u00e4mna inte v\u00e4rdesaker eller bagage utan uppsikt inom hotellomr\u00e5det. Hotellet har av s\u00e4kerhetssk\u00e4l ingen skyldighet att f\u00f6rvara egendom som \u00e4r av h\u00f6gt v\u00e4rde eller egendom som skulle kunna uts\u00e4tta hotellets personal eller \u00f6vriga g\u00e4ster f\u00f6r fara. Hotellet har inte n\u00e5got strikt ansvar f\u00f6r egendom som du f\u00f6rvarar p\u00e5 hotellrummet, allm\u00e4nna ytor eller i av hotellet l\u00e5st f\u00f6rvaringsutrymme.<\/p>\n<h3>Din egen s\u00e4kerhet<\/h3>\n<p>Ta alltid reda p\u00e5 var n\u00f6dutg\u00e5ngar, larmknapp och brandsl\u00e4ckare finns. Titta efter detaljer i informationen p\u00e5 insidan av hotellrumsd\u00f6rren. L\u00e4s \u00e4ven broschyren &#8220;Att bo p\u00e5 hotell&#8221;.<\/p>\n<h3>R\u00f6kning<\/h3>\n<p>Hela hotellet \u00e4r r\u00f6kfritt. R\u00f6kning sker utomhus p\u00e5 anvisade platser. G\u00e4st som v\u00e4ljer att inte f\u00f6lja detta regelverk \u00e4r skyldig att ers\u00e4tta hotellet f\u00f6r uppkomna st\u00e4dkostnader vid sanering och inkomstbortfall.<\/p>\n<h3>Husdjur<\/h3>\n<p>Ni \u00e4r v\u00e4lkomna att ta med era husdjur till v\u00e5rt hotell. Avgift per natt tillkommer f\u00f6r varje husdjur. Bokas direkt via v\u00e5r reception. Antal rum \u00e4r begr\u00e4nsade. Djur f\u00e5r ej vistas i v\u00e5r restaurang eller andra allm\u00e4nna ytor. Djur f\u00e5r inte sova i v\u00e5ra s\u00e4ngar p\u00e5 hotellrummen. Om de g\u00f6r det s\u00e5 kommer hotellet att ta ut en avgift f\u00f6r uppkomna st\u00e4dkostnader.<\/p>\n<h3>Force majeure<\/h3>\n<p>Strejk, lockout, eldsv\u00e5da, pandemier, v\u00e4sentliga inskr\u00e4nkningar i leveranser eller andra omst\u00e4ndigheter, utanf\u00f6r hotellets kontroll, ber\u00e4ttigar hotellet att h\u00e4va avtalet utan skyldighet att utge skadest\u00e5nd.<\/p>\n<h3>Allm\u00e4nna best\u00e4mmelser och avbokningsregler vid grupp-, l\u00e4ger-, arrangemang-, br\u00f6llop-, konferensbokningar<\/h3>\n<ul>\n<li>Giltigt avtal om bokning av grupp\/konferens\/kurs\/br\u00f6llop eller annat arrangemang, tr\u00e4ffas samma dag skriftlig bekr\u00e4ftelse skett fr\u00e5n Hotell \u00c4lvdalen. Vid avbokning skall Hotell \u00c4lvdalen\u00a0skriftligen bekr\u00e4fta avbest\u00e4llningen.<\/li>\n<li>Senast fyra veckor f\u00f6re arrangemangets b\u00f6rjan skall best\u00e4llaren l\u00e4mna uppgifter om antal deltagare samt hotell- och konferensutrymmen till Hotell \u00c4lvdalen.<\/li>\n<li>Senast en vecka f\u00f6re arrangemangets b\u00f6rjan skall best\u00e4llaren l\u00e4mna en deltagarf\u00f6rteckning med ankomst- och avresetider till Hotell \u00c4lvdalen. Samtidigt skall best\u00e4llaren l\u00e4mna program och uppgifter om den utrustning samt m\u00f6blering som \u00f6nskas. Detta skall \u00e4ven innefatta tider f\u00f6r m\u00e5ltider och eventuell specialkost. Specialkost m\u00e5ste f\u00f6rbest\u00e4lls innan ankomst annars tillkommer en kostnad p\u00e5 200:-\/m\u00e5ltid.<br \/>\nFinns \u00f6nskem\u00e5l om speciella arrangemang, exempelvis \u00e4ndrade m\u00e5ltidstider, \u00e0 la carte middag, vickningar eller annan aktivitet \u00e4r vi tacksamma om detta meddelas senast tv\u00e5 veckor innan.<\/li>\n<li>Vid avbokning senare \u00e4n fyra veckor f\u00f6re arrangemanget skall best\u00e4llaren ers\u00e4tta Hotell \u00c4lvdalen med 75% av det avtalade priset, allt i den m\u00e5n lokalerna ej kunnat \u00e5ters\u00e4ljas.<\/li>\n<li>Vid avbokning senare \u00e4n tv\u00e5 veckor f\u00f6re arrangemangets b\u00f6rjan skall best\u00e4llaren till fullo ers\u00e4tta Hotell \u00c4lvdalen det avtalade priset, allt i den m\u00e5n lokalerna ej kunnat \u00e5ters\u00e4ljas.<\/li>\n<li>Om Hotell \u00c4lvdalen haft s\u00e4rskilda kostnader eller utl\u00e4gg till f\u00f6ljd av avbokningen eller minskningen, skall detta ers\u00e4ttas till fullo av best\u00e4llaren. Uteblir deltagare fr\u00e5n best\u00e4lld m\u00e5ltid, medf\u00f6r detta ej r\u00e4tt till neds\u00e4ttning av priset.<\/li>\n<li>Best\u00e4llaren har att erl\u00e4gga likvid f\u00f6r fakturerat belopp senast 10 dagar fr\u00e5n fakturadatum. Dr\u00f6jsm\u00e5lsr\u00e4nta uttages vid f\u00f6rsenad likvid.<\/li>\n<li>Best\u00e4llaren \u00e4r gentemot Hotell \u00c4lvdalen ansvarig f\u00f6r fullst\u00e4ndig reglering av samtliga kostnader enligt avtal \u00e4ven n\u00e4r dessa slutligen skall betalas av deltagarna var f\u00f6r sig. Om deltagarna skall betala n\u00e5got var f\u00f6r sig, m\u00e5ste detta godk\u00e4nnas av Hotell \u00c4lvdalen vid bokning.<\/li>\n<li>Om kostnaderna f\u00f6r anskaffning eller tillhandah\u00e5llande av \u00f6verenskomna varor och tj\u00e4nster skulle \u00f6ka till f\u00f6ljd av h\u00f6jda skatter, devalvering, myndighetsbeslut eller d\u00e4rmed j\u00e4mf\u00f6rbara omst\u00e4ndigheter, \u00e4r Hotell \u00c4lvdalen ber\u00e4ttigad att ta ut pristill\u00e4gg som svarar mot kostnads\u00f6kningen. Hotell \u00c4lvdalen skall omg\u00e5ende informera best\u00e4llaren om pristill\u00e4gget.<\/li>\n<li>Strejk, lockout, eldsv\u00e5da, pandemi, v\u00e4sentliga inskr\u00e4nkningar i leveranser eller andra omst\u00e4ndigheter utanf\u00f6r Hotell \u00c4lvdalens kontroll ber\u00e4ttigar Hotell \u00c4lvdalen att h\u00e4va avtalet utan skyldighet att utge skadest\u00e5nd.<\/li>\n<li>Hotell \u00c4lvdalen \u00e4r gentemot best\u00e4llaren fullt ansvarig f\u00f6r \u00e5tagande enligt avtal.<\/li>\n<li>Best\u00e4llda rum st\u00e5r till ditt f\u00f6rfogande fr\u00e5n kl. 15.00 ankomstdagen..<\/li>\n<li><\/li>\n<li>Hotell \u00c4lvdalen har fullst\u00e4ndiga alkholr\u00e4ttigheter, vilket bland annat inneb\u00e4r att medhavd sprit inte f\u00e5r f\u00f6rt\u00e4ras i de av myndigheten insynade lokalerna.<\/li>\n<li>Hotell \u00c4lvdalen reserverar sig f\u00f6r eventuella prisf\u00f6r\u00e4ndringar.<\/li>\n<\/ul>\n<h3 class=\"p1\"><b>Bokningsregler Vasaloppsveckorna vecka 8-10:<br \/>\n<\/b><\/h3>\n<p class=\"p1\"><b>Vasaloppsveckan 22\/2 &#8211; 5\/3 &#8211; 2023<br \/>\n<\/b><b><em><br \/>\n<\/em><i>Betalning &amp; Villkor<br \/>\n<\/i><\/b>F\u00f6rskottsbetalning g\u00e4ller f\u00f6r alla bokningar under perioden 22 februari \u2013 5 mars 2023 och avbest\u00e4llningsskydd \u00e4r n\u00f6dv\u00e4ndigt i fall av tex. sjukdom. Vi rekommenderar att man kontaktar sitt f\u00f6rs\u00e4krings-bolag f\u00f6r att teckna eventuellt avbokningsskydd.<\/p>\n<p class=\"p1\">Bokningen \u00e4r definitiv n\u00e4r f\u00f6rskottsbetalningen kommit oss tillhanda.<br \/>\nVid gruppbokning med 10 personer eller fler g\u00e4ller speciella villkor.<\/p>\n<p class=\"p1\"><b><i>Betalningen:<br \/>\n<\/i><\/b>Bokningsavgiften \u00e4r p\u00e5 500:-\/rum och slutlikviden p\u00e5 rummet ska betalas senast den 31 december 2022, vi skickar ut en faktura. Vid utebliven betalning f\u00f6rbeh\u00e5ller Hotell \u00c4lvdalen sig r\u00e4tten att utan f\u00f6reg\u00e5ende avisering annullera din reservation och vi betalar inte tillbaka bokningsavgiften.<\/p>\n<p class=\"p1\">Avbokningar mellan den 1 januari och 15 januari 2023 debiteras med 75% av bokningens totalbelopp. Bokningsavgiften betalas ej tillbaka. Resterande belopp \u00e5terbetalas inom 14 dagar efter att avbokningen skett.<\/p>\n<p class=\"p1\">Avbokningar efter den 16 januari 2023 debiteras med 100% av bokningens totalbelopp.Observera att all avbokning skall ske skriftligen eller via mejl. Du f\u00e5r alltid en bekr\u00e4ftelse p\u00e5 \u00e4ndringar per mejl fr\u00e5n oss.<\/p>\n<p class=\"p1\">I det fallet att Vasaloppet st\u00e4ller in ert lopp \u00e5terbetalar vi total beloppet minus bokningsavgiften \u2013 under f\u00f6ruts\u00e4ttning att ni bokar av ert rum senast kl. 18.00 dagen f\u00f6re ankomst och att ni kan visa upp startanm\u00e4lan till aktuellt lopp.<\/p>\n<h3 class=\"p1\"><b><em>Bokningsregler \u00c4lvdalens Musik &amp; Motorfestival v. 32<\/em><\/b><\/h3>\n<p class=\"p1\"><b>\u00c4lvdalens Musik &amp; Motorfestival 10\/8 &#8211; 14\/8 &#8211; 2023<br \/>\n<\/b><b><i><br \/>\nBetalning &amp; Villkor<br \/>\n<\/i><\/b><b><\/b>Bokningsavgift g\u00e4ller f\u00f6r alla bokningar under perioden 10 augusti \u2013 14 augusti 2022 och avbest\u00e4llningsskydd \u00e4r n\u00f6dv\u00e4ndigt i fall av tex. sjukdom. Vi rekommenderar att man kontaktar sitt f\u00f6rs\u00e4kringsbolag f\u00f6r att teckna eventuellt avbokningsskydd.<\/p>\n<p class=\"p5\">Bokningen \u00e4r definitiv n\u00e4r bokningsavgiften kommit oss tillhanda.<\/p>\n<p class=\"p4\"><b>Betalningen sker i tv\u00e5 omg\u00e5ngar:<\/b><\/p>\n<p class=\"p5\">1. Bokningsavgiften ska betalas senast 10 dagar efter ni mottagit bokningsbekr\u00e4ftelsen och fakturan.<br \/>\n<span class=\"Apple-converted-space\">\u00a0 \u00a0 <\/span>Vid utebliven betalning av bokningsavgiften f\u00f6rbeh\u00e5ller Hotell \u00c4lvdalen sig r\u00e4tten att utan f\u00f6reg\u00e5ende\u00a0avisering annullera din reservation.<\/p>\n<p class=\"p5\">2. Slutlikviden ska betalas p\u00e5 plats vid in checkning.<\/p>\n<p class=\"p5\">Avbokningar mellan den 1 juli och 14 juli 2022 debiteras med 75% av bokningens totalbelopp.<br \/>\nBokningsavgiften betalas ej tillbaka.<\/p>\n<p class=\"p5\">Avbokningar efter den 15 juli 2022 debiteras med 100% av bokningens totalbelopp. Observera att all avbokning skall ske skriftligen eller via mejl. Du f\u00e5r alltid en bekr\u00e4ftelse p\u00e5 \u00e4ndringar per mejl fr\u00e5n oss.<\/p>\n<p class=\"p5\">I det fallet att \u00c4lvdalens Musik &amp; Motorfestival st\u00e4ller in sina arrangemang p\u00e5 flygf\u00e4ltet kan ni avboka ert rum utan att vi debiterar er f\u00f6r rummet \u2013 bokningsavgiften \u00e5terbetalats ej \u2013 under f\u00f6ruts\u00e4ttning att ni avbokar ert rum senast kl. 18.00 dagen f\u00f6re ankomst.<\/p>\n<h2><\/h2>\n","protected":false},"excerpt":{"rendered":"<p>Allm\u00e4nt<\/p>\n","protected":false},"author":7,"featured_media":0,"parent":0,"menu_order":0,"comment_status":"closed","ping_status":"closed","template":"","meta":{"footnotes":""},"class_list":["post-7125","page","type-page","status-publish","hentry"],"_links":{"self":[{"href":"https:\/\/www.hotellalvdalen.se\/sv\/wp-json\/wp\/v2\/pages\/7125","targetHints":{"allow":["GET"]}}],"collection":[{"href":"https:\/\/www.hotellalvdalen.se\/sv\/wp-json\/wp\/v2\/pages"}],"about":[{"href":"https:\/\/www.hotellalvdalen.se\/sv\/wp-json\/wp\/v2\/types\/page"}],"author":[{"embeddable":true,"href":"https:\/\/www.hotellalvdalen.se\/sv\/wp-json\/wp\/v2\/users\/7"}],"replies":[{"embeddable":true,"href":"https:\/\/www.hotellalvdalen.se\/sv\/wp-json\/wp\/v2\/comments?post=7125"}],"version-history":[{"count":5,"href":"https:\/\/www.hotellalvdalen.se\/sv\/wp-json\/wp\/v2\/pages\/7125\/revisions"}],"predecessor-version":[{"id":8037,"href":"https:\/\/www.hotellalvdalen.se\/sv\/wp-json\/wp\/v2\/pages\/7125\/revisions\/8037"}],"wp:attachment":[{"href":"https:\/\/www.hotellalvdalen.se\/sv\/wp-json\/wp\/v2\/media?parent=7125"}],"curies":[{"name":"wp","href":"https:\/\/api.w.org\/{rel}","templated":true}]}}