{"id":6555,"date":"2016-04-13T14:01:38","date_gmt":"2016-04-13T12:01:38","guid":{"rendered":"http:\/\/www.hotellalvdalen.se\/?page_id=6555"},"modified":"2021-03-17T13:41:13","modified_gmt":"2021-03-17T12:41:13","slug":"6555-2","status":"publish","type":"page","link":"https:\/\/www.hotellalvdalen.se\/sv\/restaurang\/6555-2\/","title":{"rendered":"Br\u00f6llop"},"content":{"rendered":"<div class=\"wpb-content-wrapper\"><p>[vc_row][vc_column][vc_empty_space height=&#8221;30px&#8221;][\/vc_column][\/vc_row][vc_row][vc_column width=&#8221;1\/2&#8243;][vc_column_text]<\/p>\n<h2>St\u00f6rst av allt \u00e4r k\u00e4rleken<\/h2>\n<p>Hur ser ert br\u00f6llop ut? Det vet bara ni, och d\u00e4rf\u00f6r tycker vi att det \u00e4r viktigt att l\u00e4ra k\u00e4nna er, bygga en relation tillsammans. Efter era egna tankar och dr\u00f6mmar ser vi till att er speciella dag blir precis som ni \u00f6nskar.<\/p>\n<p>Boka ett personligt m\u00f6te med oss f\u00f6r att i lugn och ro se er omkring i v\u00e5ra lokaler och hotellrum. H\u00e4r f\u00e5r ni m\u00f6jlighet att st\u00e4lla alla era fr\u00e5gor, diskutera vilket uppl\u00e4gg som skulle passa ert s\u00e4llskap b\u00e4st vad g\u00e4ller meny, dryck, eventuellt tema osv. V\u00e5ra lokaler rymmer s\u00e5 v\u00e4l sm\u00e5 som stora s\u00e4llskap.<\/p>\n<h4><\/h4>\n<p>[\/vc_column_text][\/vc_column][vc_column width=&#8221;1\/2&#8243;][vc_single_image image=&#8221;6672&#8243; img_size=&#8221;350X350&#8243; onclick=&#8221;link_image&#8221;][\/vc_column][\/vc_row][vc_row][vc_column][vc_empty_space][\/vc_column][\/vc_row][vc_row][vc_column][vc_column_text]<\/p>\n<h4>Vi \u00e4r stolta \u00f6ver v\u00e5rt k\u00f6k<em><br \/>\n<\/em><\/h4>\n<p>Med mycket k\u00e4rlek och bra r\u00e5varor str\u00e4var vi alltid efter att leverera en helhetsupplevelse med mat och dryck. Fr\u00e5n era \u00f6nskem\u00e5l kan vi leverera s\u00e5v\u00e4l buff\u00e9er som serverade 3-r\u00e4ttersmiddagar. Vi arbetar g\u00e4rna med r\u00e5varor fr\u00e5n trakten, och den lokala pr\u00e4geln \u00e4r viktig.<br \/>\nVi influeras \u00e4ven av internationella inslag fr\u00e5n v\u00e4rldens alla h\u00f6rn.<\/p>\n<p>[\/vc_column_text][\/vc_column][\/vc_row][vc_row][vc_column][vc_column_text]<\/p>\n<h4>Vickning \u2013 gott mitt i natten<\/h4>\n<p>Minipizza, varm sm\u00f6rg\u00e5s eller klassikern korv med br\u00f6d och tillbeh\u00f6r \u2013 vilken r\u00e4tt passar er b\u00e4st? DJ, trubadur eller underh\u00e5llning \u2013 hos oss finns flera olika alternativ f\u00f6r att spela musik. Scen? Dansgolv? Du best\u00e4mmer!<\/p>\n<h4><\/h4>\n<p>[\/vc_column_text][\/vc_column][\/vc_row][vc_row][vc_column width=&#8221;1\/2&#8243;][vc_single_image image=&#8221;7797&#8243; img_size=&#8221;350X350&#8243; style=&#8221;vc_box_border_circle&#8221; onclick=&#8221;link_image&#8221;][\/vc_column][vc_column width=&#8221;1\/2&#8243;][vc_column_text]<\/p>\n<h4>F\u00e5r ni l\u00e5ngv\u00e4ga g\u00e4ster \u2013 vi fixar boendet<\/h4>\n<p>T\u00e4nkt s\u00e5 smidigt att efter festligheternas slut kunna checka in p\u00e5 ett av v\u00e5ra hotellrum. Vi har totalt 52 hotellrum av olika storlekar och m\u00e5tt.<br \/>\nSj\u00e4lvklart ing\u00e5r frukostbuff\u00e9 dagen efter.<\/p>\n<h4><\/h4>\n<h4><\/h4>\n<h3 style=\"text-align: center;\">K\u00e4nn er k\u00e4rleksfullt v\u00e4lkomna att umg\u00e5s, njuta, festa och vakna hos oss p\u00e5 Hotell \u00c4lvdalen.<\/h3>\n<p>[\/vc_column_text][\/vc_column][\/vc_row][vc_row][vc_column][vc_empty_space][\/vc_column][\/vc_row][vc_row][vc_column][vc_empty_space][\/vc_column][\/vc_row]<\/p>\n<\/div>","protected":false},"excerpt":{"rendered":"<p>[vc_row][vc_column][vc_empty_space height=&#8221;30px&#8221;][\/vc_column][\/vc_row][vc_row][vc_column width=&#8221;1\/2&#8243;][vc_column_text] St\u00f6rst av allt \u00e4r k\u00e4rleken Hur ser ert br\u00f6llop ut? Det vet bara ni, och d\u00e4rf\u00f6r tycker vi att det \u00e4r viktigt att l\u00e4ra k\u00e4nna er, bygga en relation tillsammans. Efter era egna tankar och dr\u00f6mmar ser vi till att er speciella dag blir precis som ni \u00f6nskar. Boka ett personligt m\u00f6te [&hellip;]<\/p>\n","protected":false},"author":7,"featured_media":0,"parent":5742,"menu_order":0,"comment_status":"closed","ping_status":"closed","template":"templates\/template-frontpage.php","meta":{"footnotes":""},"class_list":["post-6555","page","type-page","status-publish","hentry"],"_links":{"self":[{"href":"https:\/\/www.hotellalvdalen.se\/sv\/wp-json\/wp\/v2\/pages\/6555","targetHints":{"allow":["GET"]}}],"collection":[{"href":"https:\/\/www.hotellalvdalen.se\/sv\/wp-json\/wp\/v2\/pages"}],"about":[{"href":"https:\/\/www.hotellalvdalen.se\/sv\/wp-json\/wp\/v2\/types\/page"}],"author":[{"embeddable":true,"href":"https:\/\/www.hotellalvdalen.se\/sv\/wp-json\/wp\/v2\/users\/7"}],"replies":[{"embeddable":true,"href":"https:\/\/www.hotellalvdalen.se\/sv\/wp-json\/wp\/v2\/comments?post=6555"}],"version-history":[{"count":5,"href":"https:\/\/www.hotellalvdalen.se\/sv\/wp-json\/wp\/v2\/pages\/6555\/revisions"}],"predecessor-version":[{"id":7812,"href":"https:\/\/www.hotellalvdalen.se\/sv\/wp-json\/wp\/v2\/pages\/6555\/revisions\/7812"}],"up":[{"embeddable":true,"href":"https:\/\/www.hotellalvdalen.se\/sv\/wp-json\/wp\/v2\/pages\/5742"}],"wp:attachment":[{"href":"https:\/\/www.hotellalvdalen.se\/sv\/wp-json\/wp\/v2\/media?parent=6555"}],"curies":[{"name":"wp","href":"https:\/\/api.w.org\/{rel}","templated":true}]}}