{"id":5820,"date":"2016-01-24T13:54:11","date_gmt":"2016-01-24T12:54:11","guid":{"rendered":"http:\/\/www.hotellalvdalen.se\/?page_id=5820"},"modified":"2022-12-08T13:34:43","modified_gmt":"2022-12-08T12:34:43","slug":"om-oss","status":"publish","type":"page","link":"https:\/\/www.hotellalvdalen.se\/sv\/om-oss\/","title":{"rendered":"Om oss"},"content":{"rendered":"<div class=\"wpb-content-wrapper\"><p>[vc_row][vc_column][vc_empty_space height=&#8221;20px&#8221;][\/vc_column][\/vc_row][vc_row][vc_column][vc_column_text]<\/p>\n<h2>Hotell \u00c4lvdalen<\/h2>\n<p>Vi skapar ett upplevelsehotell med \u00c4lvdalens historia som grund. H\u00e4r kan du att ta del av historien om Hagstr\u00f6m som 1925 startade fabrik med tillverkning av dragspel i \u00c4lvdalen och senare exporterade gitarrer \u00f6ver hela v\u00e4rlden. V\u00e4rldsartister som Elvis, Frank Zappa, Jimmy Hendrix och David Bowie har alla spelat p\u00e5 Hagstr\u00f6msgitarrer.<\/p>\n<p>L\u00e5t dig f\u00f6rundras \u00f6ver porfyrverken som fanns h\u00e4r f\u00f6r 150 \u00e5r sedan d\u00e4r bland annat sarkofagen, som Konung Karl XIV Johan vilar i, tillverkades.<br \/>\nTa del av den skr\u00e4mmande h\u00e4xprocessen som startade h\u00e4r i byn \u00c5sen under sent 1600-tal och bes\u00f6k platserna d\u00e4r h\u00e4xorna br\u00e4ndes p\u00e5 b\u00e5l.<\/p>\n<p>L\u00e4r k\u00e4nna dansbandet Larz-Kristerz och prinsessan Sofias hemby. Passa ocks\u00e5 p\u00e5 att l\u00e4ra dig n\u00e5gra meningar p\u00e5 \u00e4lvdalskan; v\u00e5rt eget spr\u00e5k.[\/vc_column_text][\/vc_column][\/vc_row][vc_row][vc_column][vc_empty_space height=&#8221;80px&#8221;][\/vc_column][\/vc_row][vc_row][vc_column width=&#8221;1\/2&#8243;][vc_column_text]<\/p>\n<h2 style=\"text-align: left;\">Historien om oss<\/h2>\n<p>Redan 1912 fanns det f\u00f6rsta hotellet h\u00e4r. En vit tr\u00e4byggnad med tinnar och torn. 1950 fanns \u00e4ven en bank i samma byggnad.<br \/>\nP\u00e5 uppdrag av \u00c4lvdalens kommun byggde Skanska \u00e5r 1986 ett nytt hotell med 52 rum samt restaurang. Det drevs i kommunens regi till mitten av 1990-talet d\u00e5 det k\u00f6ptes av Inger och Anders Lundqvist.<br \/>\nDe drev sedan hotellet vidare fram till 2012. Hotellet \u00e4gs idag av Malin &amp; Linus Zetterman som alltid\u00a0 dr\u00f6m att driva hotell &amp; restaurang. T\u00e4nk vad h\u00e4rligt det \u00e4r n\u00e4r dr\u00f6mmar uppfylls![\/vc_column_text][\/vc_column][vc_column width=&#8221;1\/2&#8243;]\n            <div class=\"overlaybox-wrapper ob-size-medium  ob-textalign-middle\"\n                style=\"background-image: url(https:\/\/www.hotellalvdalen.se\/wp-content\/uploads\/2016\/01\/hh11.jpg);\n                    background-position: center center;\n                    background-repeat: no-repeat;\n                    background-size: cover;\"\n                >\n                <div class=\"ob-content\">\n                    \n                <\/div>\n            <\/div>\n        [\/vc_column][\/vc_row][vc_row][vc_column][vc_empty_space height=&#8221;60px&#8221;][\/vc_column][\/vc_row][vc_row][vc_column width=&#8221;1\/2&#8243;]\n            <div class=\"overlaybox-wrapper ob-size-medium  ob-textalign-middle\"\n                style=\"background-image: url(https:\/\/www.hotellalvdalen.se\/wp-content\/uploads\/2016\/06\/Barpersonal.jpg);\n                    background-position: center center;\n                    background-repeat: no-repeat;\n                    background-size: cover;\"\n                >\n                <div class=\"ob-content\">\n                    \n                <\/div>\n            <\/div>\n        [\/vc_column][vc_column width=&#8221;1\/2&#8243;][vc_column_text]<\/p>\n<h2>Personal<\/h2>\n<p>Vi \u00e4r ett h\u00e4rligt g\u00e4ng som jobbar p\u00e5 Hotell \u00c4lvdalen d\u00e4r mottot \u00e4r att det ska vara roligt och familj\u00e4rt. Vi t\u00e4nker service och g\u00f6r alltid v\u00e5rt b\u00e4sta f\u00f6r att du ska trivas. N\u00e4r du kommer till v\u00e5rt hotell s\u00e5 \u00e4r v\u00e5r f\u00f6rhoppning att du ska k\u00e4nna dig som en i familjen![\/vc_column_text][\/vc_column][\/vc_row][vc_row][vc_column][vc_empty_space height=&#8221;60px&#8221;][\/vc_column][\/vc_row][vc_row][vc_column width=&#8221;1\/2&#8243;][vc_column_text]<\/p>\n<h2 style=\"text-align: left;\">Vill du jobba hos oss i sommar?<\/h2>\n<p style=\"text-align: left;\">Skicka in ditt CV med ett personligt brev till oss p\u00e5 Hotell \u00c4lvdalen<br \/>\nVi beh\u00f6ver mycket extrapersonal sommartid men \u00e4ven andra tider p\u00e5 \u00e5ret \u00e4r behovet av extrapersonal stort.<br \/>\nHos oss finns det tj\u00e4nster lediga sommartid i receptionen, k\u00f6ket, servis, st\u00e4d och vaktm\u00e4steri.<br \/>\nF\u00f6r alla v\u00e5ra tj\u00e4nster kr\u00e4ver vi goda kunskaper i b\u00e5de svenska och engelska i tal och skrift.<\/p>\n<p style=\"text-align: left;\">Varmt v\u00e4lkommen med din ans\u00f6kan p\u00e5 info@hotellalvdalen.se eller kom in till oss och l\u00e4mna den personligen.<\/p>\n<p>[\/vc_column_text][\/vc_column][vc_column width=&#8221;1\/2&#8243;]\n            <div class=\"overlaybox-wrapper ob-size-medium  ob-textalign-middle\"\n                style=\"background-image: url(https:\/\/www.hotellalvdalen.se\/wp-content\/uploads\/2016\/01\/IMG_9677.jpg);\n                    background-position: center center;\n                    background-repeat: no-repeat;\n                    background-size: cover;\"\n                >\n                <div class=\"ob-content\">\n                    \n                <\/div>\n            <\/div>\n        [\/vc_column][\/vc_row][vc_row][vc_column][vc_empty_space height=&#8221;60px&#8221;][\/vc_column][\/vc_row][vc_row][vc_column width=&#8221;1\/2&#8243;]\n            <div class=\"overlaybox-wrapper ob-size-medium  ob-textalign-middle\"\n                style=\"background-image: url(https:\/\/www.hotellalvdalen.se\/wp-content\/uploads\/2016\/01\/Ring-pa---klockan.jpg);\n                    background-position: center center;\n                    background-repeat: no-repeat;\n                    background-size: cover;\"\n                >\n                <div class=\"ob-content\">\n                    \n                <\/div>\n            <\/div>\n        [\/vc_column][vc_column width=&#8221;1\/2&#8243;][vc_column_text]<\/p>\n<h2>Renovering<\/h2>\n<p>Vintern 2022\/2023 genomf\u00f6r vi mindre renoveringar av hotellet.[\/vc_column_text][\/vc_column][\/vc_row][vc_row][vc_column][vc_empty_space height=&#8221;60px&#8221;][\/vc_column][\/vc_row][vc_row][vc_column width=&#8221;1\/2&#8243;][vc_column_text]<\/p>\n<h2>Hitta hit<\/h2>\n<p><strong>Med bil<\/strong><br \/>\nHotell \u00c4lvdalen ligger i mitt i centralorten \u00c4lvdalen som ligger efter riksv\u00e4g 70.<br \/>\nVi brukar s\u00e4ga att vi har 500 meter till allt i \u00c4lvdalen, i absoluta n\u00e4romr\u00e5det ligger tv\u00e5 matbutiker, <a href=\"http:\/\/www.alvdalenssportcenter.se\/sv\/\" target=\"_blank\" rel=\"noopener noreferrer\">\u00c4lvdalens Sportcenter<\/a> d\u00e4r du bland annat kan hyra dina skidor vintertid och\u00a0<a href=\"https:\/\/www.svenskakyrkan.se\/default.aspx?id=659867\" target=\"_blank\" rel=\"noopener noreferrer\">\u00c4lvdalens vackra kyrka.<\/a>\u00a0 500 meter har vi till sporthall och preparerade skidsp\u00e5r vintertid, <a href=\"http:\/\/www.alvdalen.se\/\" target=\"_blank\" rel=\"noopener noreferrer\">is- och simhall<\/a> med 50 meters bass\u00e4ng.<\/p>\n<p><strong>Med t\u00e5g<\/strong><br \/>\nUngef\u00e4r 4 timmar fr\u00e5n Stockholm till Mora tar det med t\u00e5g.\u00a0D\u00e4refter tar du lokalbussen till \u00c4lvdalen som tar ca 30 minuter.<\/p>\n<p><strong>Med buss<br \/>\n<\/strong>Bussf\u00f6rbindelser mellan Stockholm och Mora finns dagligen och resan tar 4,5 timmar.\u00a0Trafiken sk\u00f6ts av\u00a0<a href=\"http:\/\/masexpressen.se\/\" target=\"_blank\" rel=\"noopener noreferrer\">MasExpressen<\/a> som utg\u00e5r fr\u00e5n Mora Rececentrum. D\u00e4refter tar du lokalbussen till \u00c4lvdalen som tar ca 30 minuter.<\/p>\n<p><strong>\u00d6vrigt<\/strong><br \/>\nInom kommunen och mellan kommunerna i l\u00e4net \u00e4r det <a href=\"http:\/\/www.dalatrafik.se\/sv\/sa-har-reser-du\/\">Dalatrafik<\/a> som sk\u00f6ter bussf\u00f6rbindelserna.[\/vc_column_text][\/vc_column][vc_column width=&#8221;1\/2&#8243;][vc_gmaps link=&#8221;#E-8_JTNDaWZyYW1lJTIwc3JjJTNEJTIyaHR0cHMlM0ElMkYlMkZ3d3cuZ29vZ2xlLmNvbSUyRm1hcHMlMkZlbWJlZCUzRnBiJTNEJTIxMW0xOCUyMTFtMTIlMjExbTMlMjExZDE5MjAuMzU3NzE2NzY1ODAxNiUyMTJkMTQuMDM0NzM0NDY3MDA3NjY3JTIxM2Q2MS4yMjg3MDU2NTA0NTAzNSUyMTJtMyUyMTFmMCUyMTJmMCUyMTNmMCUyMTNtMiUyMTFpMTAyNCUyMTJpNzY4JTIxNGYxMy4xJTIxM20zJTIxMW0yJTIxMXMweDQ2Njg2NGVhZmRmNTMwNDklMjUzQTB4ZTNhYTE4MTZjNDVkMWY0NSUyMTJzSG90ZWxsJTJCJTI1QzMlMjU4NGx2ZGFsZW4lMjE1ZTAlMjEzbTIlMjExc3N2JTIxMnN1cyUyMTR2MTQ1OTUwOTA1MDg5NCUyMiUyMHdpZHRoJTNEJTIyNjAwJTIyJTIwaGVpZ2h0JTNEJTIyNDUwJTIyJTIwZnJhbWVib3JkZXIlM0QlMjIwJTIyJTIwc3R5bGUlM0QlMjJib3JkZXIlM0EwJTIyJTIwYWxsb3dmdWxsc2NyZWVuJTNFJTNDJTJGaWZyYW1lJTNF&#8221; size=&#8221;400&#8243; css=&#8221;.vc_custom_1670502019356{padding-top: 5px !important;border-radius: 1px !important;}&#8221;][\/vc_column][\/vc_row]<\/p>\n<\/div>","protected":false},"excerpt":{"rendered":"<p>[vc_row][vc_column][vc_empty_space height=&#8221;20px&#8221;][\/vc_column][\/vc_row][vc_row][vc_column][vc_column_text] Hotell \u00c4lvdalen Vi skapar ett upplevelsehotell med \u00c4lvdalens historia som grund. H\u00e4r kan du att ta del av historien om Hagstr\u00f6m som 1925 startade fabrik med tillverkning av dragspel i \u00c4lvdalen och senare exporterade gitarrer \u00f6ver hela v\u00e4rlden. V\u00e4rldsartister som Elvis, Frank Zappa, Jimmy Hendrix och David Bowie har alla spelat p\u00e5 Hagstr\u00f6msgitarrer. [&hellip;]<\/p>\n","protected":false},"author":1,"featured_media":0,"parent":0,"menu_order":0,"comment_status":"closed","ping_status":"closed","template":"templates\/template-frontpage.php","meta":{"footnotes":""},"class_list":["post-5820","page","type-page","status-publish","hentry"],"_links":{"self":[{"href":"https:\/\/www.hotellalvdalen.se\/sv\/wp-json\/wp\/v2\/pages\/5820","targetHints":{"allow":["GET"]}}],"collection":[{"href":"https:\/\/www.hotellalvdalen.se\/sv\/wp-json\/wp\/v2\/pages"}],"about":[{"href":"https:\/\/www.hotellalvdalen.se\/sv\/wp-json\/wp\/v2\/types\/page"}],"author":[{"embeddable":true,"href":"https:\/\/www.hotellalvdalen.se\/sv\/wp-json\/wp\/v2\/users\/1"}],"replies":[{"embeddable":true,"href":"https:\/\/www.hotellalvdalen.se\/sv\/wp-json\/wp\/v2\/comments?post=5820"}],"version-history":[{"count":6,"href":"https:\/\/www.hotellalvdalen.se\/sv\/wp-json\/wp\/v2\/pages\/5820\/revisions"}],"predecessor-version":[{"id":8056,"href":"https:\/\/www.hotellalvdalen.se\/sv\/wp-json\/wp\/v2\/pages\/5820\/revisions\/8056"}],"wp:attachment":[{"href":"https:\/\/www.hotellalvdalen.se\/sv\/wp-json\/wp\/v2\/media?parent=5820"}],"curies":[{"name":"wp","href":"https:\/\/api.w.org\/{rel}","templated":true}]}}