{"id":5812,"date":"2016-01-24T13:48:40","date_gmt":"2016-01-24T12:48:40","guid":{"rendered":"http:\/\/www.hotellalvdalen.se\/?page_id=5812"},"modified":"2022-07-12T14:51:15","modified_gmt":"2022-07-12T12:51:15","slug":"konferens-event","status":"publish","type":"page","link":"https:\/\/www.hotellalvdalen.se\/sv\/att-gora\/konferens-event\/","title":{"rendered":"Konferens"},"content":{"rendered":"<div class=\"wpb-content-wrapper\"><p>[vc_row][vc_column][vc_empty_space height=&#8221;20px&#8221;][\/vc_column][\/vc_row][vc_row][vc_column][vc_column_text]<\/p>\n<h2 style=\"text-align: center;\">Vi skapar plats f\u00f6r upplevelser och m\u00f6ten mellan m\u00e4nniskor<\/h2>\n<p>[\/vc_column_text][\/vc_column][\/vc_row][vc_row][vc_column][vc_empty_space][\/vc_column][\/vc_row][vc_row][vc_column]\n            <div class=\"overlaybox-wrapper ob-size-small  ob-textalign-top\"\n                style=\"background-image: url(https:\/\/www.hotellalvdalen.se\/wp-content\/uploads\/2016\/01\/IMG_9005-960x640.jpg);\n                    background-position: center center;\n                    background-repeat: no-repeat;\n                    background-size: cover;\"\n                >\n                <div class=\"ob-content\">\n                    <p>[vc_row_inner content_placement=&#8221;bottom&#8221;][vc_column_inner width=&#8221;1\/2&#8243;][\/vc_column_inner][\/vc_row_inner]<\/p>\n\n                <\/div>\n            <\/div>\n        [\/vc_column][\/vc_row][vc_row][vc_column][vc_empty_space height=&#8221;20px&#8221;][\/vc_column][\/vc_row][vc_row][vc_column][vc_column_text]<\/p>\n<p style=\"text-align: center;\">P\u00e5 Hotell \u00c4lvdalen har massor av kunskap och energi tankats genom tiderna. M\u00e5nga v\u00e4ljer att konferera i n\u00e5got av v\u00e5ra fyra konferensrum,<br \/>\nv\u00e5r st\u00f6rsta konferenslokal tar 150 sittande deltagare. Vi vill \u00e4ven p\u00e5st\u00e5 att vi har tillg\u00e5ng till v\u00e4rldens st\u00f6rsta konferenslokal \u2013 <strong>v\u00e5r natur<\/strong>.<\/p>\n<p>[\/vc_column_text][\/vc_column][\/vc_row][vc_row][vc_column][vc_empty_space height=&#8221;40px&#8221;][\/vc_column][\/vc_row][vc_row][vc_column width=&#8221;1\/2&#8243;][vc_column_text]<\/p>\n<h2>Fabriken<\/h2>\n<p>\u00c4r v\u00e5r st\u00f6rsta konferenslokal med plats f\u00f6r 150 biosittande personer. H\u00e4r konfererar du i en milj\u00f6 som \u00e4r inspirerad av Hagstr\u00f6m fabriken som fanns just h\u00e4r i \u00c4lvdalen.\u00a0Maskiner som anv\u00e4ndes i deras tillverkning av dragspel och gitarrer \u00e4r nu en del av inredningen h\u00e4r i \u201dv\u00e5r fabrik\u201d. En av v\u00e4ggarna pryds ocks\u00e5 av en fototapet fr\u00e5n den tidsepoken.\u00a0H\u00e4r finns s\u00e5klart ocks\u00e5 all nutida, teknisk utrustning som du kan beh\u00f6va.[\/vc_column_text][\/vc_column][vc_column width=&#8221;1\/2&#8243; css=&#8221;.vc_custom_1459361638602{margin-top: 6px !important;margin-bottom: 6px !important;border-top-width: 2px !important;border-right-width: 2px !important;border-bottom-width: 2px !important;border-left-width: 2px !important;padding-top: 0px !important;padding-right: 0px !important;padding-bottom: 0px !important;padding-left: 0px !important;border-left-color: #ae8700 !important;border-left-style: solid !important;border-right-color: #ae8700 !important;border-right-style: solid !important;border-top-color: #ae8700 !important;border-top-style: solid !important;border-bottom-color: #ae8700 !important;border-bottom-style: solid !important;}&#8221;]<div class=\"slick-carousel-vc\"\n                    data-show-mobile=\"1\"\n                    data-show-tablet=\"1\"\n                    data-show-desktop=\"1\"\n                    data-show-navigation=\"1\"\n                    data-show-bullets=\"1\"\n                    data-autoplay=\"8000\"\n                ><div class=\"slick-items\"><div class=\"overlaybox-wrapper ob-size-small  ob-textalign-middle\"\n                style=\"background-image: url(https:\/\/www.hotellalvdalen.se\/wp-content\/uploads\/2016\/01\/fabriken-1-960x720.jpg);\n                    background-position: center center;\n                    background-repeat: no-repeat;\n                    background-size: cover;\"\n                >\n                <div class=\"ob-content\">\n                    \n                <\/div>\n            <\/div>\n        \n            <div class=\"overlaybox-wrapper ob-size-small  ob-textalign-middle\"\n                style=\"background-image: url(https:\/\/www.hotellalvdalen.se\/wp-content\/uploads\/2016\/01\/IMG_8988-960x640.jpg);\n                    background-position: center center;\n                    background-repeat: no-repeat;\n                    background-size: cover;\"\n                >\n                <div class=\"ob-content\">\n                    \n                <\/div>\n            <\/div>\n<\/div><\/div>[\/vc_column][\/vc_row][vc_row][vc_column][vc_empty_space height=&#8221;25px&#8221;][\/vc_column][\/vc_row][vc_row][vc_column width=&#8221;1\/2&#8243;][vc_column_text]<\/p>\n<h2>Ovalen<\/h2>\n<p>Har plats f\u00f6r upp till 14 personer i styrelsesittning. F\u00f6r er som vill ha en intim men \u00e4nd\u00e5 exklusiv k\u00e4nsla p\u00e5 ert m\u00f6te.<br \/>\nH\u00e4r finns all teknisk utrustning du beh\u00f6ver, inklusive LED-tv.[\/vc_column_text][\/vc_column][vc_column width=&#8221;1\/2&#8243; css=&#8221;.vc_custom_1459361734827{margin-top: 6px !important;margin-bottom: 6px !important;border-top-width: 2px !important;border-right-width: 2px !important;border-bottom-width: 2px !important;border-left-width: 2px !important;padding-top: 0px !important;padding-right: 0px !important;padding-bottom: 0px !important;padding-left: 0px !important;border-left-color: #ae8700 !important;border-left-style: solid !important;border-right-color: #ae8700 !important;border-right-style: solid !important;border-top-color: #ae8700 !important;border-top-style: solid !important;border-bottom-color: #ae8700 !important;border-bottom-style: solid !important;}&#8221;]<div class=\"slick-carousel-vc\"\n                    data-show-mobile=\"1\"\n                    data-show-tablet=\"1\"\n                    data-show-desktop=\"1\"\n                    data-show-navigation=\"1\"\n                    data-show-bullets=\"1\"\n                    data-autoplay=\"8000\"\n                ><div class=\"slick-items\"><div class=\"overlaybox-wrapper ob-size-small  ob-textalign-middle\"\n                style=\"background-image: url(https:\/\/www.hotellalvdalen.se\/wp-content\/uploads\/2014\/07\/IMG_9010-960x640.jpg);\n                    background-position: center center;\n                    background-repeat: no-repeat;\n                    background-size: cover;\"\n                >\n                <div class=\"ob-content\">\n                    \n                <\/div>\n            <\/div>\n        \n            <div class=\"overlaybox-wrapper ob-size-small  ob-textalign-middle\"\n                style=\"background-image: url(https:\/\/www.hotellalvdalen.se\/wp-content\/uploads\/2016\/01\/IMG_9007-960x640.jpg);\n                    background-position: center center;\n                    background-repeat: no-repeat;\n                    background-size: cover;\"\n                >\n                <div class=\"ob-content\">\n                    \n                <\/div>\n            <\/div>\n<\/div><\/div>[\/vc_column][\/vc_row][vc_row][vc_column][vc_empty_space height=&#8221;25px&#8221;][\/vc_column][\/vc_row][vc_row][vc_column width=&#8221;1\/2&#8243;][vc_column_text]<\/p>\n<h2>Deluxen<\/h2>\n<p>\u00c4r v\u00e5r lilla matsal i restaurangen med plats f\u00f6r 16 personer. H\u00e4r konfererar du i mysig biblioteks milj\u00f6.<br \/>\nM\u00e5nga v\u00e4ljer att l\u00e4gga sina m\u00f6ten h\u00e4r och vi riggar med den utrustning ni beh\u00f6ver.[\/vc_column_text][\/vc_column][vc_column width=&#8221;1\/2&#8243; css=&#8221;.vc_custom_1459361748803{margin-top: 6px !important;margin-bottom: 6px !important;border-top-width: 2px !important;border-right-width: 2px !important;border-bottom-width: 2px !important;border-left-width: 2px !important;padding-top: 0px !important;padding-right: 0px !important;padding-bottom: 0px !important;padding-left: 0px !important;border-left-color: #ae8700 !important;border-left-style: solid !important;border-right-color: #ae8700 !important;border-right-style: solid !important;border-top-color: #ae8700 !important;border-top-style: solid !important;border-bottom-color: #ae8700 !important;border-bottom-style: solid !important;}&#8221;]<div class=\"slick-carousel-vc\"\n                    data-show-mobile=\"1\"\n                    data-show-tablet=\"1\"\n                    data-show-desktop=\"1\"\n                    data-show-navigation=\"1\"\n                    data-show-bullets=\"1\"\n                    data-autoplay=\"8000\"\n                ><div class=\"slick-items\"><div class=\"overlaybox-wrapper ob-size-small  ob-textalign-middle\"\n                style=\"background-image: url(https:\/\/www.hotellalvdalen.se\/wp-content\/uploads\/2016\/01\/Deluxen-A.jpg);\n                    background-position: center center;\n                    background-repeat: no-repeat;\n                    background-size: cover;\"\n                >\n                <div class=\"ob-content\">\n                    \n                <\/div>\n            <\/div>\n        \n            <div class=\"overlaybox-wrapper ob-size-small  ob-textalign-middle\"\n                style=\"background-image: url(https:\/\/www.hotellalvdalen.se\/wp-content\/uploads\/2016\/03\/10483573_266324133555074_659125045_n.jpg);\n                    background-position: center center;\n                    background-repeat: no-repeat;\n                    background-size: cover;\"\n                >\n                <div class=\"ob-content\">\n                    \n                <\/div>\n            <\/div>\n<\/div><\/div>[\/vc_column][\/vc_row][vc_row][vc_column][vc_empty_space height=&#8221;25px&#8221;][\/vc_column][\/vc_row][vc_row][vc_column width=&#8221;1\/2&#8243;][vc_column_text]<\/p>\n<h2>Rockloftet<\/h2>\n<p>Ligger i restaurangen en trappa upp med plats f\u00f6r ca 40 personer. H\u00e4r konfererar du med Hagstr\u00f6m gitarrer p\u00e5 v\u00e4ggarna.\u00a0V\u00e4rldsartister som Elvis, Frank Zappa, Jimmy Hendrix och David Bowie, som alla har spelat p\u00e5 Hagstr\u00f6mgitarrer, blickar ut p\u00e5 er fr\u00e5n v\u00e4ggarna.<br \/>\nVi riggar med den utrustning ni beh\u00f6ver.[\/vc_column_text][\/vc_column][vc_column width=&#8221;1\/2&#8243; css=&#8221;.vc_custom_1459361756748{margin-top: 6px !important;margin-bottom: 6px !important;border-top-width: 2px !important;border-right-width: 2px !important;border-bottom-width: 2px !important;border-left-width: 2px !important;padding-top: 0px !important;padding-right: 0px !important;padding-bottom: 0px !important;padding-left: 0px !important;border-left-color: #ae8700 !important;border-left-style: solid !important;border-right-color: #ae8700 !important;border-right-style: solid !important;border-top-color: #ae8700 !important;border-top-style: solid !important;border-bottom-color: #ae8700 !important;border-bottom-style: solid !important;}&#8221;]<div class=\"slick-carousel-vc\"\n                    data-show-mobile=\"1\"\n                    data-show-tablet=\"1\"\n                    data-show-desktop=\"1\"\n                    data-show-navigation=\"1\"\n                    data-show-bullets=\"1\"\n                    data-autoplay=\"8000\"\n                ><div class=\"slick-items\"><div class=\"overlaybox-wrapper ob-size-small  ob-textalign-middle\"\n                style=\"background-image: url(https:\/\/www.hotellalvdalen.se\/wp-content\/uploads\/2016\/06\/IMG_5432-960x720.jpg);\n                    background-position: center center;\n                    background-repeat: no-repeat;\n                    background-size: cover;\"\n                >\n                <div class=\"ob-content\">\n                    \n                <\/div>\n            <\/div>\n        \n            <div class=\"overlaybox-wrapper ob-size-small  ob-textalign-middle\"\n                style=\"background-image: url(https:\/\/www.hotellalvdalen.se\/wp-content\/uploads\/2016\/06\/IMG_5433-960x485.jpg);\n                    background-position: center center;\n                    background-repeat: no-repeat;\n                    background-size: cover;\"\n                >\n                <div class=\"ob-content\">\n                    \n                <\/div>\n            <\/div>\n<\/div><\/div>[\/vc_column][\/vc_row][vc_row][vc_column][vc_empty_space height=&#8221;50px&#8221;][\/vc_column][\/vc_row][vc_row][vc_column width=&#8221;1\/2&#8243;][vc_column_text]<\/p>\n<h2>Priser<\/h2>\n<p>Vi g\u00f6r det enkelt f\u00f6r dig!<\/p>\n<p>V\u00e4lj bland v\u00e5ra f\u00e4rdiga konferenspaket, prisexempel: fr\u00e5n 450:-\/pers.<br \/>\nKontakta oss f\u00f6r en offert.<\/p>\n<p><strong>Millo<\/strong> \u2013 konferens med helpension<br \/>\n(fika, lunch, 2-r\u00e4tters middag, logi och frukost).<\/p>\n<p><strong>Sturan<\/strong> \u2013 konferens med helpension<br \/>\n(fika, 2-r\u00e4tters lunch, 3-r\u00e4tters middag, logi och frukost).<\/p>\n<p><strong>Dagkonferens<\/strong> \u2013 inkl. fika, lunch och lokal.[\/vc_column_text][\/vc_column][vc_column width=&#8221;1\/2&#8243; css=&#8221;.vc_custom_1459898620498{padding-top: 25px !important;}&#8221;][vc_column_text]<\/p>\n<h4>I v\u00e5ra m\u00f6teslokaler finns:<\/h4>\n<ul>\n<li><span style=\"font-size: 13px;\">Standard utrustning<\/span><\/li>\n<li><span style=\"font-size: 13px;\">Kanon<\/span><\/li>\n<li><span style=\"font-size: 13px;\">Whiteboard<\/span><\/li>\n<li><span style=\"font-size: 13px;\">Pennor och block<\/span><\/li>\n<li><span style=\"font-size: 13px;\">Frukt och vatten<\/span><\/li>\n<\/ul>\n<p>[\/vc_column_text][vc_column_text]<strong><span style=\"font-size: 18px;\"><i class=\"fa fa-wifi \" ><\/i><\/span> WiFi finns tillg\u00e4ngligt i alla v\u00e5ra lokaler.<\/strong>[\/vc_column_text][\/vc_column][\/vc_row][vc_row][vc_column][vc_empty_space height=&#8221;25px&#8221;][\/vc_column][\/vc_row][vc_row][vc_column][vc_column_text]<\/p>\n<h2>Aktiviteter<\/h2>\n<p>[\/vc_column_text][\/vc_column][\/vc_row][vc_row][vc_column][vc_column_text]Att kombinera sin konferens med aktiviteter eller rent av att l\u00e4gga konferensen utomhus ger en totalupplevelse som deltagarna sent skall gl\u00f6mma. Kanske vill du \u00f6verraska deltagarna med en middag i naturen?<\/p>\n<p>Vi erbjuder paketerade fartfyllda aktiviteter, naturupplevelser och tr\u00e4ning i samarbete med olika akt\u00f6rer i v\u00e5r n\u00e4rhet.<\/p>\n<h5>Kontakta oss s\u00e5 hj\u00e4lper vi er att sy ihop ett program som passar just er!<\/h5>\n<p>[\/vc_column_text][\/vc_column][\/vc_row][vc_row][vc_column][vc_empty_space height=&#8221;25px&#8221;][\/vc_column][\/vc_row][vc_row][vc_column][vc_empty_space height=&#8221;25px&#8221;][\/vc_column][\/vc_row]<\/p>\n<\/div>","protected":false},"excerpt":{"rendered":"<p>[vc_row][vc_column][vc_empty_space height=&#8221;20px&#8221;][\/vc_column][\/vc_row][vc_row][vc_column][vc_column_text] Vi skapar plats f\u00f6r upplevelser och m\u00f6ten mellan m\u00e4nniskor [\/vc_column_text][\/vc_column][\/vc_row][vc_row][vc_column][vc_empty_space][\/vc_column][\/vc_row][vc_row][vc_column][\/vc_column][\/vc_row][vc_row][vc_column][vc_empty_space height=&#8221;20px&#8221;][\/vc_column][\/vc_row][vc_row][vc_column][vc_column_text] P\u00e5 Hotell \u00c4lvdalen har massor av kunskap och energi tankats genom tiderna. M\u00e5nga v\u00e4ljer att konferera i n\u00e5got av v\u00e5ra fyra konferensrum, v\u00e5r st\u00f6rsta konferenslokal tar 150 sittande deltagare. Vi vill \u00e4ven p\u00e5st\u00e5 att vi har tillg\u00e5ng till v\u00e4rldens st\u00f6rsta konferenslokal \u2013 [&hellip;]<\/p>\n","protected":false},"author":7,"featured_media":0,"parent":5762,"menu_order":0,"comment_status":"closed","ping_status":"closed","template":"templates\/template-frontpage.php","meta":{"footnotes":""},"class_list":["post-5812","page","type-page","status-publish","hentry"],"_links":{"self":[{"href":"https:\/\/www.hotellalvdalen.se\/sv\/wp-json\/wp\/v2\/pages\/5812","targetHints":{"allow":["GET"]}}],"collection":[{"href":"https:\/\/www.hotellalvdalen.se\/sv\/wp-json\/wp\/v2\/pages"}],"about":[{"href":"https:\/\/www.hotellalvdalen.se\/sv\/wp-json\/wp\/v2\/types\/page"}],"author":[{"embeddable":true,"href":"https:\/\/www.hotellalvdalen.se\/sv\/wp-json\/wp\/v2\/users\/7"}],"replies":[{"embeddable":true,"href":"https:\/\/www.hotellalvdalen.se\/sv\/wp-json\/wp\/v2\/comments?post=5812"}],"version-history":[{"count":7,"href":"https:\/\/www.hotellalvdalen.se\/sv\/wp-json\/wp\/v2\/pages\/5812\/revisions"}],"predecessor-version":[{"id":7937,"href":"https:\/\/www.hotellalvdalen.se\/sv\/wp-json\/wp\/v2\/pages\/5812\/revisions\/7937"}],"up":[{"embeddable":true,"href":"https:\/\/www.hotellalvdalen.se\/sv\/wp-json\/wp\/v2\/pages\/5762"}],"wp:attachment":[{"href":"https:\/\/www.hotellalvdalen.se\/sv\/wp-json\/wp\/v2\/media?parent=5812"}],"curies":[{"name":"wp","href":"https:\/\/api.w.org\/{rel}","templated":true}]}}