{"id":5742,"date":"2016-01-23T14:52:34","date_gmt":"2016-01-23T13:52:34","guid":{"rendered":"http:\/\/www.hotellalvdalen.se\/?page_id=5742"},"modified":"2022-07-12T14:45:26","modified_gmt":"2022-07-12T12:45:26","slug":"restaurang","status":"publish","type":"page","link":"https:\/\/www.hotellalvdalen.se\/sv\/restaurang\/","title":{"rendered":"Restaurang"},"content":{"rendered":"<div class=\"wpb-content-wrapper\"><p>[vc_row][vc_column][vc_empty_space height=&#8221;20px&#8221;][\/vc_column][\/vc_row][vc_row][vc_column width=&#8221;9\/12&#8243;][vc_column_text]<\/p>\n<h2>Restaurang Granesso<\/h2>\n<p><strong>Alla dagar i veckan kan du avnjuta en god frukostbuff\u00e9 h\u00e4r hos oss p\u00e5 Hotell \u00c4lvdalen!\u00a0<\/strong><\/p>\n<p>M\u00e5ndag &#8211; Torsdag och L\u00f6rdag serverar vi en kv\u00e4llens middag p\u00e5 buff\u00e9 tillsammans med en mindre A\u00b4la carte meny.<br \/>\nFredag i juli serveras en stor grillbuff\u00e9 och trubadur spelar musik p\u00e5 v\u00e5r uteservering.<\/p>\n<p>F\u00f6r catering ring 0251-105 00 f\u00f6r mer information.<\/p>\n<p>Vi lagar mat med omsorg och mycket k\u00e4rlek. En blandning av svensk kokkonst med internationella inslag. Alla r\u00e5varor \u00e4r noga utvalda f\u00f6r att skapa b\u00e4sta resultat och f\u00f6r oss \u00e4r det viktigt med n\u00e4rproducerat. V\u00e5ra lokala leverant\u00f6rer \u00e4r bland annat <a href=\"http:\/\/www.siljanschark.se\" target=\"_blank\" rel=\"noopener noreferrer\">Siljans Chark<\/a> och <a href=\"http:\/\/alvdalsrom.se\/\" target=\"_blank\" rel=\"noopener noreferrer\">\u00c4lvdalslax.<\/a><\/p>\n<p>Vi vill ge en underbar smakupplevelse, oavsett om du \u00e4ter n\u00e5got litet efter jobbet eller bokar en h\u00e4rlig festm\u00e5ltid. H\u00e4r hittar du en hemtrevlig restaurang d\u00e4r du beroende p\u00e5 hum\u00f6r antingen kan varva ner och bara ta det lugnt, eller komma i st\u00e4mning innan festen drar ig\u00e5ng.[\/vc_column_text][\/vc_column][vc_column width=&#8221;3\/12&#8243;][vc_column_text]<\/p>\n<h4>\u00d6ppettider<\/h4>\n<p><span style=\"font-size: 12px;\"><strong>Frukost:<\/strong><\/span><br \/>\n<span style=\"font-size: 12px;\">M\u00e5ndag &#8211; Fredag \u00a006.15 &#8211; 10.00<\/span><br \/>\n<span style=\"font-size: 12px;\">L\u00f6rdag &#8211; S\u00f6ndag \u00a0 07.00 &#8211; 10.00<\/span><\/p>\n<p><span style=\"font-size: 12px;\"><strong>Lunch:<\/strong><\/span><br \/>\n<span style=\"font-size: 12px;\">Endast f\u00f6rbokad lunch f\u00f6r grupper, l\u00e4ger och konferenser.<\/span><\/p>\n<p><span style=\"font-size: 12px;\"><strong>Middag:<\/strong><\/span><br \/>\n<span style=\"font-size: 11px;\"><span style=\"font-size: 12px;\">M\u00e5ndag &#8211; L\u00f6rdag 17.00-21.00<\/span><span style=\"color: #ff0000;\"><br \/>\n<\/span><\/span><span style=\"font-size: 11px;\"><em>Med reservation f\u00f6r ev. \u00e4ndringar.\u00a0<\/em><\/span>[\/vc_column_text][\/vc_column][\/vc_row][vc_row][vc_column][vc_empty_space height=&#8221;40px&#8221;][\/vc_column][\/vc_row][vc_row][vc_column width=&#8221;1\/2&#8243;][vc_column_text]<\/p>\n<h2>Dagens lunch<\/h2>\n<p><strong>Vi har \u00f6ppet enbart f\u00f6r frukost och middag i v\u00e5r restaurang.<br \/>\n<\/strong>\u00c4r ni en st\u00f6rre grupp eller konferens fixar vi sj\u00e4lvklart lunch till er!<br \/>\nF\u00f6r mer information ring 0251-105 00[\/vc_column_text][\/vc_column][vc_column width=&#8221;1\/2&#8243;]\n            <div class=\"overlaybox-wrapper ob-size-medium  ob-textalign-middle\"\n                style=\"background-image: url(https:\/\/www.hotellalvdalen.se\/wp-content\/uploads\/2016\/06\/Lunchbuffe--1-1.jpg);\n                    background-position: center top;\n                    background-repeat: no-repeat;\n                    background-size: cover;\"\n                >\n                <div class=\"ob-content\">\n                    \n                <\/div>\n            <\/div>\n        [\/vc_column][\/vc_row][vc_row][vc_column][vc_empty_space height=&#8221;20px&#8221;][\/vc_column][\/vc_row][vc_row][vc_column][vc_empty_space height=&#8221;20px&#8221;][\/vc_column][\/vc_row][vc_row][vc_column width=&#8221;1\/2&#8243;]\n            <div class=\"overlaybox-wrapper ob-size-medium  ob-textalign-middle\"\n                style=\"background-image: url(https:\/\/www.hotellalvdalen.se\/wp-content\/uploads\/2021\/03\/Table-For-Royalties-960x768.jpg);\n                    background-position: center center;\n                    background-repeat: no-repeat;\n                    background-size: cover;\"\n                >\n                <div class=\"ob-content\">\n                    \n                <\/div>\n            <\/div>\n        [\/vc_column][vc_column width=&#8221;1\/2&#8243;][vc_column_text]<\/p>\n<h2>\u00c0 la carte<\/h2>\n<p><strong>M\u00e5ndag &#8211; torsdag &amp; l\u00f6rdag serveras en kv\u00e4llens middag p\u00e5 buff\u00e9 och en mindre a\u00b4la carte meny.<br \/>\nFredagar i juli serveras en grillbuff\u00e9 till glada toner fr\u00e5n kv\u00e4llens trubadur.<br \/>\n<\/strong>\u00c4r ni en st\u00f6rre grupp eller konferens fixar vi sj\u00e4lvklart h\u00f6r av er till oss!<br \/>\nF\u00f6r mer information ring 0251-105 00[\/vc_column_text][vc_btn title=&#8221;\u00c1 la carte Meny&#8221; style=&#8221;outline-custom&#8221; outline_custom_color=&#8221;#ae8700&#8243; outline_custom_hover_background=&#8221;&#8221; outline_custom_hover_text=&#8221;&#8221; shape=&#8221;square&#8221; size=&#8221;xs&#8221; align=&#8221;left&#8221; i_icon_fontawesome=&#8221;fa fa-cutlery&#8221; add_icon=&#8221;true&#8221; link=&#8221;url:http%3A%2F%2Fwww.hotellalvdalen.se%2Fwp-content%2Fuploads%2F2019%2F06%2FA-la-carte-sommaren-2019.pdf||target:%20_blank|&#8221;][\/vc_column][\/vc_row][vc_row][vc_column width=&#8221;1\/2&#8243;][vc_column_text]<\/p>\n<h2>Grillkv\u00e4ll<\/h2>\n<p>Sommartid t\u00e4nder kockarna grillen p\u00e5 Hotell \u00c4lvdalen. Det \u00e4r underbart att sitta utomhus, \u00e4ta god mat, umg\u00e5s med h\u00e4rliga m\u00e4nniskor och lyssna p\u00e5 musiken fr\u00e5n lokala trubadurer.\u00a0Njut av grillat k\u00f6tt, fisk, kyckling och smakrika gr\u00f6nsaker eller varf\u00f6r inte en grillad dessert. Maten serveras som buff\u00e9.<\/p>\n<p>Grillen t\u00e4nds fredagar i juli 18.00 &#8211; 21.00.\u00a0Vi rekommenderar alltid att boka bord vare sig ni \u00e4r tv\u00e5 eller tio personer. V\u00e5ra grillkv\u00e4llar \u00e4r popul\u00e4ra s\u00e5 boka i god tid!<\/p>\n<p>Oavsett v\u00e4der s\u00e5 t\u00e4nder vi grillen, v\u00e4rm dig med en filt, en god dryck eller s\u00e5 dukar vi upp inomhus.<\/p>\n<h5>Givetvis best\u00e4ller vi str\u00e5lande sol<\/h5>\n<p>[\/vc_column_text][\/vc_column][vc_column width=&#8221;1\/2&#8243;]\n            <div class=\"overlaybox-wrapper ob-size-medium  ob-textalign-middle\"\n                style=\"background-image: url(https:\/\/www.hotellalvdalen.se\/wp-content\/uploads\/2016\/01\/Bestick.jpg);\n                    background-position: center center;\n                    background-repeat: no-repeat;\n                    background-size: cover;\"\n                >\n                <div class=\"ob-content\">\n                    \n                <\/div>\n            <\/div>\n        [\/vc_column][\/vc_row][vc_row][vc_column][vc_empty_space height=&#8221;20px&#8221;][\/vc_column][\/vc_row][vc_row][vc_column width=&#8221;1\/2&#8243;]\n            <div class=\"overlaybox-wrapper ob-size-medium  ob-textalign-middle\"\n                style=\"background-image: url(https:\/\/www.hotellalvdalen.se\/wp-content\/uploads\/2016\/01\/IMG_1605-1-960x715.jpg);\n                    background-position: center center;\n                    background-repeat: no-repeat;\n                    background-size: cover;\"\n                >\n                <div class=\"ob-content\">\n                    \n                <\/div>\n            <\/div>\n        [\/vc_column][vc_column width=&#8221;1\/2&#8243;][vc_column_text]<\/p>\n<h2>Catering<\/h2>\n<p>Ska du bjuda hem grannarna p\u00e5 middag eller ska f\u00f6retaget st\u00e4lla till med fest? Du ber\u00e4ttar om dina \u00f6nskem\u00e5l och f\u00f6rv\u00e4ntningar och vi uppfyller dem. V\u00e5r catering kan best\u00e5 av att du h\u00e4mtar menyn p\u00e5 plats hos oss, eller att vi kommer till dig.<\/p>\n<p>Vi erbjuder ocks\u00e5 dukning och serveringspersonal om du s\u00e5 \u00f6nskar.<br \/>\nL\u00e5t just din tillst\u00e4llning bli en upplevelse. F\u00f6r v\u00e5r meny l\u00e4s <a href=\"http:\/\/www.hotellalvdalen.se\/wp-content\/uploads\/2016\/06\/MENY-Hotell-A--lvdalen-2016.pdf\">h\u00e4r<\/a>.<\/p>\n<h5>F\u00f6r alla tillf\u00e4llen, upplevelser som hemmamys<\/h5>\n<p>[\/vc_column_text][\/vc_column][\/vc_row][vc_row][vc_column][vc_empty_space height=&#8221;20px&#8221;][\/vc_column][\/vc_row][vc_row][vc_column width=&#8221;1\/2&#8243;][vc_column_text]<\/p>\n<h2>Fest<\/h2>\n<p>P\u00e5 Hotell \u00c4lvdalen har vi m\u00e5nga \u00e5rs erfarenhet av fester och evenemang.\u00a0P\u00e5 plats har vi koordinatorer som g\u00e4rna hj\u00e4lper dig att sy ihop den perfekta festen.<\/p>\n<p>V\u00e5r st\u00f6rsta lokal rymmer upp till 200 personer, men vi erbjuder \u00e4ven mindre lokaler f\u00f6r den mer intima festen.\u00a0Har du funderingar p\u00e5 en annan typ av lokal hj\u00e4lper vi dig g\u00e4rna att hitta den r\u00e4tta.<\/p>\n<h5>Hotell \u00c4lvdalen hj\u00e4lper dig att hitta den r\u00e4tta k\u00e4nslan<\/h5>\n<p>[\/vc_column_text][\/vc_column][vc_column width=&#8221;1\/2&#8243;]\n            <div class=\"overlaybox-wrapper ob-size-medium  ob-textalign-middle\"\n                style=\"background-image: url(https:\/\/www.hotellalvdalen.se\/wp-content\/uploads\/2016\/06\/Barpersonal.jpg);\n                    background-position: center center;\n                    background-repeat: no-repeat;\n                    background-size: cover;\"\n                >\n                <div class=\"ob-content\">\n                    \n                <\/div>\n            <\/div>\n        [\/vc_column][\/vc_row][vc_row][vc_column][vc_empty_space height=&#8221;20px&#8221;][\/vc_column][\/vc_row][vc_row][vc_column width=&#8221;1\/2&#8243;]\n            <div class=\"overlaybox-wrapper ob-size-medium  ob-textalign-middle\"\n                style=\"background-image: url(https:\/\/www.hotellalvdalen.se\/wp-content\/uploads\/2021\/03\/06072019-IMG_4674-960x1440.jpg);\n                    background-position: center center;\n                    background-repeat: no-repeat;\n                    background-size: cover;\"\n                >\n                <div class=\"ob-content\">\n                    \n                <\/div>\n            <\/div>\n        [\/vc_column][vc_column width=&#8221;1\/2&#8243;][vc_column_text]<\/p>\n<h2>Br\u00f6llop<\/h2>\n<p>Hur ser ert dr\u00f6mbr\u00f6llop ut? Det vet bara ni, och d\u00e4rf\u00f6r tycker vi det \u00e4r viktigt att l\u00e4ra k\u00e4nna er, bygga en relation tillsammans. Efter era egna tankar och dr\u00f6mmar ser vi till att er speciella dag blir precis som ni \u00f6nskar.<\/p>\n<p>Boka ett personligt m\u00f6te med\u00a0oss\u00a0f\u00f6r att i lugn och ro se er omkring i v\u00e5ra lokaler och hotellrum. H\u00e4r f\u00e5r ni m\u00f6jlighet att st\u00e4lla alla era fr\u00e5gor, diskutera vilket uppl\u00e4gg som skulle passa ert s\u00e4llskap b\u00e4st vad g\u00e4ller meny, dryck, eventuellt tema osv. V\u00e5ra lokaler rymmer s\u00e5 v\u00e4l sm\u00e5 som stora s\u00e4llskap. F\u00f6r mer info l\u00e4s <a href=\"http:\/\/www.hotellalvdalen.se\/sv\/restaurang\/6555-2\/\" target=\"_blank\" rel=\"noopener noreferrer\">h\u00e4r<\/a>.<\/p>\n<p>K\u00e4nn er k\u00e4rleksfullt v\u00e4lkomna att umg\u00e5s, njuta, festa och vakna hos oss p\u00e5 Hotell \u00c4lvdalen.<\/p>\n<h5>St\u00f6rst av allt \u00e4r k\u00e4rleken<\/h5>\n<p>[\/vc_column_text][\/vc_column][\/vc_row][vc_row][vc_column][vc_empty_space height=&#8221;20px&#8221;][\/vc_column][\/vc_row]<\/p>\n<\/div>","protected":false},"excerpt":{"rendered":"<p>[vc_row][vc_column][vc_empty_space height=&#8221;20px&#8221;][\/vc_column][\/vc_row][vc_row][vc_column width=&#8221;9\/12&#8243;][vc_column_text] Restaurang Granesso Alla dagar i veckan kan du avnjuta en god frukostbuff\u00e9 h\u00e4r hos oss p\u00e5 Hotell \u00c4lvdalen!\u00a0 M\u00e5ndag &#8211; Torsdag och L\u00f6rdag serverar vi en kv\u00e4llens middag p\u00e5 buff\u00e9 tillsammans med en mindre A\u00b4la carte meny. Fredag i juli serveras en stor grillbuff\u00e9 och trubadur spelar musik p\u00e5 v\u00e5r uteservering. F\u00f6r [&hellip;]<\/p>\n","protected":false},"author":1,"featured_media":0,"parent":0,"menu_order":0,"comment_status":"closed","ping_status":"closed","template":"","meta":{"footnotes":""},"class_list":["post-5742","page","type-page","status-publish","hentry"],"_links":{"self":[{"href":"https:\/\/www.hotellalvdalen.se\/sv\/wp-json\/wp\/v2\/pages\/5742","targetHints":{"allow":["GET"]}}],"collection":[{"href":"https:\/\/www.hotellalvdalen.se\/sv\/wp-json\/wp\/v2\/pages"}],"about":[{"href":"https:\/\/www.hotellalvdalen.se\/sv\/wp-json\/wp\/v2\/types\/page"}],"author":[{"embeddable":true,"href":"https:\/\/www.hotellalvdalen.se\/sv\/wp-json\/wp\/v2\/users\/1"}],"replies":[{"embeddable":true,"href":"https:\/\/www.hotellalvdalen.se\/sv\/wp-json\/wp\/v2\/comments?post=5742"}],"version-history":[{"count":6,"href":"https:\/\/www.hotellalvdalen.se\/sv\/wp-json\/wp\/v2\/pages\/5742\/revisions"}],"predecessor-version":[{"id":7933,"href":"https:\/\/www.hotellalvdalen.se\/sv\/wp-json\/wp\/v2\/pages\/5742\/revisions\/7933"}],"wp:attachment":[{"href":"https:\/\/www.hotellalvdalen.se\/sv\/wp-json\/wp\/v2\/media?parent=5742"}],"curies":[{"name":"wp","href":"https:\/\/api.w.org\/{rel}","templated":true}]}}