{"id":2,"date":"2014-07-07T14:36:11","date_gmt":"2014-07-07T12:36:11","guid":{"rendered":"http:\/\/dev.profil46.se\/p46\/?page_id=2"},"modified":"2025-09-25T21:08:50","modified_gmt":"2025-09-25T19:08:50","slug":"exempelsida","status":"publish","type":"page","link":"https:\/\/www.hotellalvdalen.se\/sv\/","title":{"rendered":"Startsida"},"content":{"rendered":"<div class=\"wpb-content-wrapper\"><p>[vc_row][vc_column offset=&#8221;vc_hidden-sm vc_hidden-xs&#8221;][vc_empty_space height=&#8221;20px&#8221;][\/vc_column][\/vc_row][vc_row][vc_column offset=&#8221;vc_hidden-sm vc_hidden-xs&#8221;][vc_empty_space height=&#8221;20px&#8221;][\/vc_column][\/vc_row][vc_row][vc_column offset=&#8221;vc_hidden-sm vc_hidden-xs&#8221;][vc_empty_space height=&#8221;20px&#8221;][\/vc_column][\/vc_row][vc_row][vc_column el_class=&#8221;home_banner&#8221;][vc_row_inner][vc_column_inner width=&#8221;1\/2&#8243;][\/vc_column_inner][vc_column_inner width=&#8221;1\/2&#8243;][\/vc_column_inner][\/vc_row_inner][\/vc_column][\/vc_row][vc_row css_animation=&#8221;bottom-to-top&#8221;][vc_column][vc_empty_space height=&#8221;25px&#8221;][vc_column_text]<\/p>\n<h2 style=\"text-align: center;\">Boka boende<\/h2>\n<p>[\/vc_column_text][vc_btn title=&#8221;Klicka h\u00e4r f\u00f6r att boka boende &amp; konferens&#8221; style=&#8221;outline-custom&#8221; outline_custom_color=&#8221;#ae8700&#8243; outline_custom_hover_background=&#8221;&#8221; outline_custom_hover_text=&#8221;&#8221; shape=&#8221;square&#8221; size=&#8221;lg&#8221; align=&#8221;center&#8221; i_icon_fontawesome=&#8221;fas fa-bed&#8221; add_icon=&#8221;true&#8221; link=&#8221;url:https%3A%2F%2Fonline.bookvisit.com%2Faccommodation%3FchannelId%3D9810e250-0ce3-4bad-a667-7ae38b6684ab|target:_blank&#8221;][\/vc_column][\/vc_row][vc_row css_animation=&#8221;bottom-to-top&#8221; disable_element=&#8221;yes&#8221;][vc_column][vc_empty_space height=&#8221;25px&#8221;][vc_column_text]<\/p>\n<h2 style=\"text-align: center;\">Boka boende<\/h2>\n<p>[\/vc_column_text][vc_raw_js]JTNDc2NyaXB0JTIwY2hhcnNldCUzRCUyMlVURi04JTIyJTIwdHlwZSUzRCUyMnRleHQlMkZqYXZhc2NyaXB0JTIyJTIwc3JjJTNEJTIyJTJGJTJGb25saW5lLmJvb2t2aXNpdC5jb20lMkZDb250ZW50JTJGZmxleHdpZGdldCUyRkZsZXhXaWRnZXRGdWxsU2NyaXB0cy5taW4uanMlMjIlM0UlM0MlMkZzY3JpcHQlM0U=[\/vc_raw_js][vc_raw_js]JTNDc2NyaXB0JTIwdHlwZSUzRCUyMnRleHQlMkZqYXZhc2NyaXB0JTIyJTIwY2hhcnNldCUzRCUyMlVURi04JTIyJTNFJTBBdmFyJTIwYmFzZVVybCUyMCUzRCUyMCUyMmh0dHBzJTNBJTJGJTJGb25saW5lLmJvb2t2aXNpdC5jb20lMkZ2MiUyRndpZGdldCUyRmdldHdpZGdldCUyMiUzQiUwQSUyOGZ1bmN0aW9uJTI4JTI0JTI5JTIwJTdCJTBBJTI0LmFqYXglMjglN0IlMEFkYXRhVHlwZSUzQSUyMCUyN2pzb24lMjclMkMlMEF1cmwlM0ElMjBiYXNlVXJsJTIwJTJCJTIwJTI3JTNGY2hhbm5lbElkJTNEOTgxMGUyNTAtMGNlMy00YmFkLWE2NjctN2FlMzhiNjY4NGFiJTI2b3Blbk9wdGlvbiUzRHJlZGlyZWN0JTI2Y3VsdHVyZSUzRHN2LVNFJTI2bGF5b3V0JTNEU3RhbmRhcmRXaWRlQ29tcGFjdCUyNmNvbnRhaW5lcklkJTNEd2lkZ2V0Q29udGFpbmVyJTI2ZGlzcGxheVByb21vQ29kZSUzRGZhbHNlJTI2ZGlzcGxheUNvcnBDb2RlJTNEZmFsc2UlMjZkaXNwbGF5SUFUQUNvZGUlM0RmYWxzZSUyNyUyQyUwQXhockZpZWxkcyUzQSUyMCU3QiUyMHdpdGhDcmVkZW50aWFscyUzQSUyMHRydWUlMjAlN0QlMkMlMEFzdWNjZXNzJTNBJTIwZnVuY3Rpb24lMjhkYXRhJTI5JTIwJTdCJTBBJTI0JTI4JTI3JTIzd2lkZ2V0Q29udGFpbmVyJTI3JTI5Lmh0bWwlMjhkYXRhLldpZGdldCUyOSUzQiUwQSU3RCUwQSU3RCUyOSUzQiUwQSU3RCUyOSUyOGJ2SlF1ZXJ5JTI5JTNCJTBBJTNDJTJGc2NyaXB0JTNFJTBB[\/vc_raw_js][vc_raw_html]JTNDZGl2JTIwaWQlM0QlMjJ3aWRnZXRDb250YWluZXIlMjIlM0UlM0MlMkZkaXYlM0U=[\/vc_raw_html][\/vc_column][\/vc_row][vc_row][vc_column offset=&#8221;vc_hidden-sm vc_hidden-xs&#8221;][vc_empty_space height=&#8221;20px&#8221;][\/vc_column][\/vc_row][vc_row][vc_column offset=&#8221;vc_hidden-sm vc_hidden-xs&#8221;][vc_empty_space height=&#8221;20px&#8221;][\/vc_column][\/vc_row][vc_row][vc_column width=&#8221;1\/3&#8243;][vc_column_text]<\/p>\n<h2 style=\"text-align: center;\"><a href=\"http:\/\/www.hotellalvdalen.se\/sv\/boende\/\">Boende<\/a><\/h2>\n<p>[\/vc_column_text][vc_single_image image=&#8221;7883&#8243; img_size=&#8221;400&#215;340&#8243; alignment=&#8221;center&#8221; style=&#8221;vc_box_shadow_3d&#8221; onclick=&#8221;custom_link&#8221; css_animation=&#8221;appear&#8221; link=&#8221;http:\/\/www.hotellalvdalen.se\/sv\/boende\/&#8221;][vc_empty_space height=&#8221;20px&#8221;][\/vc_column][vc_column width=&#8221;1\/3&#8243;][vc_column_text]<\/p>\n<h2 style=\"text-align: center;\"><a href=\"http:\/\/www.hotellalvdalen.se\/sv\/restaurang\/\">Restaurang<\/a><\/h2>\n<p>[\/vc_column_text][vc_single_image image=&#8221;7788&#8243; img_size=&#8221;400&#215;340&#8243; alignment=&#8221;center&#8221; style=&#8221;vc_box_shadow_3d&#8221; onclick=&#8221;custom_link&#8221; css_animation=&#8221;appear&#8221; link=&#8221;http:\/\/www.hotellalvdalen.se\/sv\/restaurang\/&#8221;][vc_empty_space height=&#8221;20px&#8221;][\/vc_column][vc_column width=&#8221;1\/3&#8243;][vc_column_text]<\/p>\n<h2 style=\"text-align: center;\"><a href=\"http:\/\/www.hotellalvdalen.se\/sv\/att-gora\/konferens-event\/\">Konferens<\/a><\/h2>\n<p>[\/vc_column_text][vc_single_image image=&#8221;6729&#8243; img_size=&#8221;400&#215;340&#8243; alignment=&#8221;center&#8221; style=&#8221;vc_box_shadow_3d&#8221; onclick=&#8221;custom_link&#8221; css_animation=&#8221;appear&#8221; link=&#8221;http:\/\/www.hotellalvdalen.se\/sv\/att-gora\/konferens-event\/&#8221;][vc_empty_space height=&#8221;20px&#8221;][\/vc_column][\/vc_row][vc_row][vc_column width=&#8221;1\/3&#8243;][vc_column_text]<\/p>\n<h2 style=\"text-align: center;\">Paket<\/h2>\n<p>[\/vc_column_text][vc_single_image image=&#8221;7462&#8243; img_size=&#8221;400&#215;340&#8243; alignment=&#8221;center&#8221; style=&#8221;vc_box_shadow_3d&#8221; onclick=&#8221;custom_link&#8221; css_animation=&#8221;appear&#8221;][vc_empty_space height=&#8221;20px&#8221;][\/vc_column][vc_column width=&#8221;1\/3&#8243;][vc_column_text]<\/p>\n<h2 style=\"text-align: center;\">Tr\u00e4ningsl\u00e4ger<\/h2>\n<p>[\/vc_column_text][vc_single_image image=&#8221;6075&#8243; img_size=&#8221;400&#215;400&#8243; alignment=&#8221;center&#8221; style=&#8221;vc_box_shadow_3d&#8221; onclick=&#8221;custom_link&#8221; css_animation=&#8221;appear&#8221;][vc_empty_space height=&#8221;20px&#8221;][\/vc_column][vc_column width=&#8221;1\/3&#8243;][vc_column_text]<\/p>\n<h2 style=\"text-align: center;\"><a href=\"http:\/\/www.monzta.se\/\">Monztabanan<\/a><\/h2>\n<p>[\/vc_column_text][vc_single_image image=&#8221;6076&#8243; img_size=&#8221;400&#215;340&#8243; alignment=&#8221;center&#8221; style=&#8221;vc_box_shadow_3d&#8221; onclick=&#8221;custom_link&#8221; css_animation=&#8221;appear&#8221; link=&#8221;http:\/\/www.monzta.se\/&#8221;][vc_empty_space height=&#8221;20px&#8221;][\/vc_column][\/vc_row][vc_row disable_element=&#8221;yes&#8221;][vc_column][vc_column_text]<\/p>\n<h2 style=\"text-align: center;\">N\u00f6jeskalender<\/h2>\n<p>[\/vc_column_text][\/vc_column][\/vc_row][vc_row disable_element=&#8221;yes&#8221;][vc_column width=&#8221;1\/2&#8243;][vc_empty_space height=&#8221;20px&#8221;][vc_single_image image=&#8221;8018&#8243; img_size=&#8221;400&#215;340&#8243; alignment=&#8221;center&#8221; style=&#8221;vc_box_shadow_3d&#8221; onclick=&#8221;custom_link&#8221; css_animation=&#8221;appear&#8221; link=&#8221;https:\/\/www.facebook.com\/permalink.php?story_fbid=pfbid031imPtD5uLEeKBn3qXHvyfegpVdNmEvkMtz3bJxsCvjR3vC3ZGch59Z6DVhwvU6xYl&amp;id=100063640655131&#8243;][vc_empty_space height=&#8221;20px&#8221;][\/vc_column][vc_column width=&#8221;1\/2&#8243;][vc_empty_space height=&#8221;20px&#8221;][vc_single_image image=&#8221;8017&#8243; img_size=&#8221;400&#215;340&#8243; alignment=&#8221;center&#8221; style=&#8221;vc_box_shadow_3d&#8221; onclick=&#8221;custom_link&#8221; css_animation=&#8221;appear&#8221; link=&#8221;https:\/\/www.facebook.com\/permalink.php?story_fbid=pfbid02f9ePJpy148UDXxuY5vdqMGmPB6M7pNCQQRrTJLVaSAh7tdwK7W7bCGNeVoUy6Keyl&amp;id=100063640655131&#8243;][vc_empty_space height=&#8221;20px&#8221;][\/vc_column][\/vc_row][vc_row][vc_column][vc_empty_space][vc_empty_space][\/vc_column][\/vc_row][vc_row][vc_column width=&#8221;2\/3&#8243;][vc_column_text]<\/p>\n<h2 style=\"text-align: center;\">\u00d6ppettider:<\/h2>\n<p style=\"text-align: center;\">Receptionen<br \/>\nM\u00e5ndag &#8211; L\u00f6rdag kl. 07.00 &#8211; 21.00<br \/>\nS\u00f6ndag kl. 07.00 &#8211; 12.00<br \/>\nFrukost i restaurangen:<br \/>\nM\u00e5ndag &#8211; Fredag kl. 06.15 &#8211; 10.00, L\u00f6rdag &#8211; S\u00f6ndag kl. 07.00 &#8211; 10.00<br \/>\nKv\u00e4llens middag i restaurangen:<br \/>\nM\u00e5ndag &#8211; L\u00f6rdag kl. 17.00-21.00<\/p>\n<p>[\/vc_column_text][\/vc_column][vc_column width=&#8221;1\/3&#8243;][vc_column_text]<\/p>\n<h2 style=\"text-align: center;\">Kontakta oss:<\/h2>\n<p style=\"text-align: center;\">Dalgatan 77<br \/>\n79630 \u00c4lvdalen<\/p>\n<p style=\"text-align: center;\">info@hotellalvdalen.se<br \/>\nTelefon: +46 (0)251-10500[\/vc_column_text][\/vc_column][\/vc_row][vc_row][vc_column][vc_empty_space height=&#8221;40px&#8221;][\/vc_column][\/vc_row][vc_row][vc_column][vc_column_text]<\/p>\n<h2 style=\"text-align: center;\">Fullbokat p\u00e5 n\u00e4tet? Ring oss!<\/h2>\n<p style=\"text-align: center;\">Det sista tillg\u00e4ngliga rummet s\u00e4ljs aldrig p\u00e5 n\u00e4tet utan p\u00e5 telefon eller i receptionen.<\/p>\n<p>[\/vc_column_text][\/vc_column][\/vc_row][vc_row][vc_column][vc_empty_space][vc_empty_space][\/vc_column][\/vc_row][vc_row css_animation=&#8221;bottom-to-top&#8221;][vc_column][vc_empty_space height=&#8221;25px&#8221;][vc_column_text]<\/p>\n<h2 style=\"text-align: center;\">Boka boende<\/h2>\n<p>[\/vc_column_text][vc_raw_js]JTNDc2NyaXB0JTIwY2hhcnNldCUzRCUyMlVURi04JTIyJTIwdHlwZSUzRCUyMnRleHQlMkZqYXZhc2NyaXB0JTIyJTIwc3JjJTNEJTIyJTJGJTJGb25saW5lLmJvb2t2aXNpdC5jb20lMkZDb250ZW50JTJGZmxleHdpZGdldCUyRkZsZXhXaWRnZXRGdWxsU2NyaXB0cy5taW4uanMlMjIlM0UlM0MlMkZzY3JpcHQlM0U=[\/vc_raw_js][vc_raw_js]JTNDc2NyaXB0JTIwdHlwZSUzRCUyMnRleHQlMkZqYXZhc2NyaXB0JTIyJTIwY2hhcnNldCUzRCUyMlVURi04JTIyJTNFJTBBdmFyJTIwYmFzZVVybCUyMCUzRCUyMCUyMmh0dHBzJTNBJTJGJTJGb25saW5lLmJvb2t2aXNpdC5jb20lMkZ2MiUyRndpZGdldCUyRmdldHdpZGdldCUyMiUzQiUwQSUyOGZ1bmN0aW9uJTI4JTI0JTI5JTIwJTdCJTBBJTI0LmFqYXglMjglN0IlMEFkYXRhVHlwZSUzQSUyMCUyN2pzb24lMjclMkMlMEF1cmwlM0ElMjBiYXNlVXJsJTIwJTJCJTIwJTI3JTNGY2hhbm5lbElkJTNEOTgxMGUyNTAtMGNlMy00YmFkLWE2NjctN2FlMzhiNjY4NGFiJTI2b3Blbk9wdGlvbiUzRHJlZGlyZWN0JTI2Y3VsdHVyZSUzRHN2LVNFJTI2bGF5b3V0JTNEU3RhbmRhcmRXaWRlQ29tcGFjdCUyNmNvbnRhaW5lcklkJTNEd2lkZ2V0Q29udGFpbmVyJTI2ZGlzcGxheVByb21vQ29kZSUzRGZhbHNlJTI2ZGlzcGxheUNvcnBDb2RlJTNEZmFsc2UlMjZkaXNwbGF5SUFUQUNvZGUlM0RmYWxzZSUyNyUyQyUwQXhockZpZWxkcyUzQSUyMCU3QiUyMHdpdGhDcmVkZW50aWFscyUzQSUyMHRydWUlMjAlN0QlMkMlMEFzdWNjZXNzJTNBJTIwZnVuY3Rpb24lMjhkYXRhJTI5JTIwJTdCJTBBJTI0JTI4JTI3JTIzd2lkZ2V0Q29udGFpbmVyJTI3JTI5Lmh0bWwlMjhkYXRhLldpZGdldCUyOSUzQiUwQSU3RCUwQSU3RCUyOSUzQiUwQSU3RCUyOSUyOGJ2SlF1ZXJ5JTI5JTNCJTBBJTNDJTJGc2NyaXB0JTNFJTBB[\/vc_raw_js][vc_raw_html]JTNDZGl2JTIwaWQlM0QlMjJ3aWRnZXRDb250YWluZXIlMjIlM0UlM0MlMkZkaXYlM0U=[\/vc_raw_html][\/vc_column][\/vc_row]<\/p>\n<\/div>","protected":false},"excerpt":{"rendered":"<p>[vc_row][vc_column offset=&#8221;vc_hidden-sm vc_hidden-xs&#8221;][vc_empty_space height=&#8221;20px&#8221;][\/vc_column][\/vc_row][vc_row][vc_column offset=&#8221;vc_hidden-sm vc_hidden-xs&#8221;][vc_empty_space height=&#8221;20px&#8221;][\/vc_column][\/vc_row][vc_row][vc_column offset=&#8221;vc_hidden-sm vc_hidden-xs&#8221;][vc_empty_space height=&#8221;20px&#8221;][\/vc_column][\/vc_row][vc_row][vc_column el_class=&#8221;home_banner&#8221;][vc_row_inner][vc_column_inner width=&#8221;1\/2&#8243;][\/vc_column_inner][vc_column_inner width=&#8221;1\/2&#8243;][\/vc_column_inner][\/vc_row_inner][\/vc_column][\/vc_row][vc_row css_animation=&#8221;bottom-to-top&#8221;][vc_column][vc_empty_space height=&#8221;25px&#8221;][vc_column_text] Boka boende [\/vc_column_text][vc_btn title=&#8221;Klicka h\u00e4r f\u00f6r att boka boende &amp; konferens&#8221; style=&#8221;outline-custom&#8221; outline_custom_color=&#8221;#ae8700&#8243; outline_custom_hover_background=&#8221;&#8221; outline_custom_hover_text=&#8221;&#8221; shape=&#8221;square&#8221; size=&#8221;lg&#8221; align=&#8221;center&#8221; i_icon_fontawesome=&#8221;fas fa-bed&#8221; add_icon=&#8221;true&#8221; link=&#8221;url:https%3A%2F%2Fonline.bookvisit.com%2Faccommodation%3FchannelId%3D9810e250-0ce3-4bad-a667-7ae38b6684ab|target:_blank&#8221;][\/vc_column][\/vc_row][vc_row css_animation=&#8221;bottom-to-top&#8221; disable_element=&#8221;yes&#8221;][vc_column][vc_empty_space height=&#8221;25px&#8221;][vc_column_text] Boka boende [\/vc_column_text][vc_raw_js]JTNDc2NyaXB0JTIwY2hhcnNldCUzRCUyMlVURi04JTIyJTIwdHlwZSUzRCUyMnRleHQlMkZqYXZhc2NyaXB0JTIyJTIwc3JjJTNEJTIyJTJGJTJGb25saW5lLmJvb2t2aXNpdC5jb20lMkZDb250ZW50JTJGZmxleHdpZGdldCUyRkZsZXhXaWRnZXRGdWxsU2NyaXB0cy5taW4uanMlMjIlM0UlM0MlMkZzY3JpcHQlM0U=[\/vc_raw_js][vc_raw_js]JTNDc2NyaXB0JTIwdHlwZSUzRCUyMnRleHQlMkZqYXZhc2NyaXB0JTIyJTIwY2hhcnNldCUzRCUyMlVURi04JTIyJTNFJTBBdmFyJTIwYmFzZVVybCUyMCUzRCUyMCUyMmh0dHBzJTNBJTJGJTJGb25saW5lLmJvb2t2aXNpdC5jb20lMkZ2MiUyRndpZGdldCUyRmdldHdpZGdldCUyMiUzQiUwQSUyOGZ1bmN0aW9uJTI4JTI0JTI5JTIwJTdCJTBBJTI0LmFqYXglMjglN0IlMEFkYXRhVHlwZSUzQSUyMCUyN2pzb24lMjclMkMlMEF1cmwlM0ElMjBiYXNlVXJsJTIwJTJCJTIwJTI3JTNGY2hhbm5lbElkJTNEOTgxMGUyNTAtMGNlMy00YmFkLWE2NjctN2FlMzhiNjY4NGFiJTI2b3Blbk9wdGlvbiUzRHJlZGlyZWN0JTI2Y3VsdHVyZSUzRHN2LVNFJTI2bGF5b3V0JTNEU3RhbmRhcmRXaWRlQ29tcGFjdCUyNmNvbnRhaW5lcklkJTNEd2lkZ2V0Q29udGFpbmVyJTI2ZGlzcGxheVByb21vQ29kZSUzRGZhbHNlJTI2ZGlzcGxheUNvcnBDb2RlJTNEZmFsc2UlMjZkaXNwbGF5SUFUQUNvZGUlM0RmYWxzZSUyNyUyQyUwQXhockZpZWxkcyUzQSUyMCU3QiUyMHdpdGhDcmVkZW50aWFscyUzQSUyMHRydWUlMjAlN0QlMkMlMEFzdWNjZXNzJTNBJTIwZnVuY3Rpb24lMjhkYXRhJTI5JTIwJTdCJTBBJTI0JTI4JTI3JTIzd2lkZ2V0Q29udGFpbmVyJTI3JTI5Lmh0bWwlMjhkYXRhLldpZGdldCUyOSUzQiUwQSU3RCUwQSU3RCUyOSUzQiUwQSU3RCUyOSUyOGJ2SlF1ZXJ5JTI5JTNCJTBBJTNDJTJGc2NyaXB0JTNFJTBB[\/vc_raw_js][vc_raw_html]JTNDZGl2JTIwaWQlM0QlMjJ3aWRnZXRDb250YWluZXIlMjIlM0UlM0MlMkZkaXYlM0U=[\/vc_raw_html][\/vc_column][\/vc_row][vc_row][vc_column offset=&#8221;vc_hidden-sm vc_hidden-xs&#8221;][vc_empty_space height=&#8221;20px&#8221;][\/vc_column][\/vc_row][vc_row][vc_column offset=&#8221;vc_hidden-sm vc_hidden-xs&#8221;][vc_empty_space height=&#8221;20px&#8221;][\/vc_column][\/vc_row][vc_row][vc_column width=&#8221;1\/3&#8243;][vc_column_text] Boende [\/vc_column_text][vc_single_image image=&#8221;7883&#8243; img_size=&#8221;400&#215;340&#8243; alignment=&#8221;center&#8221; [&hellip;]<\/p>\n","protected":false},"author":1,"featured_media":0,"parent":0,"menu_order":0,"comment_status":"closed","ping_status":"closed","template":"templates\/template-emptyfrontpage.php","meta":{"footnotes":""},"class_list":["post-2","page","type-page","status-publish","hentry"],"_links":{"self":[{"href":"https:\/\/www.hotellalvdalen.se\/sv\/wp-json\/wp\/v2\/pages\/2","targetHints":{"allow":["GET"]}}],"collection":[{"href":"https:\/\/www.hotellalvdalen.se\/sv\/wp-json\/wp\/v2\/pages"}],"about":[{"href":"https:\/\/www.hotellalvdalen.se\/sv\/wp-json\/wp\/v2\/types\/page"}],"author":[{"embeddable":true,"href":"https:\/\/www.hotellalvdalen.se\/sv\/wp-json\/wp\/v2\/users\/1"}],"replies":[{"embeddable":true,"href":"https:\/\/www.hotellalvdalen.se\/sv\/wp-json\/wp\/v2\/comments?post=2"}],"version-history":[{"count":7,"href":"https:\/\/www.hotellalvdalen.se\/sv\/wp-json\/wp\/v2\/pages\/2\/revisions"}],"predecessor-version":[{"id":8536,"href":"https:\/\/www.hotellalvdalen.se\/sv\/wp-json\/wp\/v2\/pages\/2\/revisions\/8536"}],"wp:attachment":[{"href":"https:\/\/www.hotellalvdalen.se\/sv\/wp-json\/wp\/v2\/media?parent=2"}],"curies":[{"name":"wp","href":"https:\/\/api.w.org\/{rel}","templated":true}]}}