{"id":6961,"date":"2016-07-12T15:04:21","date_gmt":"2016-07-12T13:04:21","guid":{"rendered":"http:\/\/www.hotellalvdalen.se\/?page_id=6961"},"modified":"2022-07-11T20:06:30","modified_gmt":"2022-07-11T18:06:30","slug":"om-oss","status":"publish","type":"page","link":"https:\/\/www.hotellalvdalen.se\/en\/om-oss\/","title":{"rendered":"About"},"content":{"rendered":"<div class=\"wpb-content-wrapper\"><p>[vc_row][vc_column][vc_empty_space height=&#8221;20px&#8221;][\/vc_column][\/vc_row][vc_row][vc_column][vc_column_text]<\/p>\n<h2>Experience\u00a0hotel<\/h2>\n<p>At the moment we are creating a experience hotel with \u00c4lvdalens history as a basis. Here you will take part of the history of Hagstr\u00f6m who in 1925 started the factory with the production of accordions in \u00c4lvdalen and later exported guitars worldwide. World artists such as Elvis, Frank Zappa, Jimi Hendrix and David Bowie have all played on Hagstr\u00f6m guitars.<\/p>\n<p>Marvel at Porfyrverken, that were here 150 years ago, which includes the sarcophagus, as King Karl XIV Johan rests, were manufactured. Learn about the terrifying witch trial that started here in the village of \u00c5sen in the late 1300&#8217;s and visit the places where witches were burned at the stake.<\/p>\n<p>Get to know the dance band Larz-Kristerz and Princess Sofia&#8217;s home village. Take the opportunity to learn some sentences in Elfdalian, our own language. Perhaps you&#8217;ll encounter together with Stefan Nykvist in our restaurant. Or Lena Willemark who also visits her home now and then.\u00a0[\/vc_column_text][\/vc_column][\/vc_row][vc_row][vc_column][vc_empty_space height=&#8221;80px&#8221;][\/vc_column][\/vc_row][vc_row][vc_column width=&#8221;1\/2&#8243;][vc_column_text]<\/p>\n<h2 style=\"text-align: left;\">The story of us<\/h2>\n<p>Already in 1912 was the first hotel here. A white wooden building with turrets and towers. 1950 also there was a bank in the same building. 1986 swedish company Skanska built on behalf of the municipality of \u00c4lvdalen a new hotel with 52 rooms and a restaurant. It was operated by \u00c4lvdalens municipality to the mid-1990s when it was bought by Inger and Anders Lundqvist. They ran the hotel on until 2012. The hotel was then sold to the families Risander and Zetterman. After three years, the family bought Risander out and in the current situation the hotel is owned by the families Berglund and Zetterman.\u00a0[\/vc_column_text][\/vc_column][vc_column width=&#8221;1\/2&#8243;]\n            <div class=\"overlaybox-wrapper ob-size-medium  ob-textalign-middle\"\n                style=\"background-image: url(https:\/\/www.hotellalvdalen.se\/wp-content\/uploads\/2016\/01\/hh11.jpg);\n                    background-position: center center;\n                    background-repeat: no-repeat;\n                    background-size: cover;\"\n                >\n                <div class=\"ob-content\">\n                    \n                <\/div>\n            <\/div>\n        [\/vc_column][\/vc_row][vc_row][vc_column][vc_empty_space height=&#8221;60px&#8221;][\/vc_column][\/vc_row][vc_row][vc_column width=&#8221;1\/2&#8243;]\n            <div class=\"overlaybox-wrapper ob-size-medium  ob-textalign-middle\"\n                style=\"background-image: url(https:\/\/www.hotellalvdalen.se\/wp-content\/uploads\/2016\/06\/Barpersonal.jpg);\n                    background-position: center center;\n                    background-repeat: no-repeat;\n                    background-size: cover;\"\n                >\n                <div class=\"ob-content\">\n                    \n                <\/div>\n            <\/div>\n        [\/vc_column][vc_column width=&#8221;1\/2&#8243;][vc_column_text]<\/p>\n<h2>Staff<\/h2>\n<p>We are a great team who works at Hotel \u00c4lvdalen where the motto is that it should be fun and familiar. We think service and will always do our best to make you feel comfortable. When you come to our hotel we hope that you feel like you are one in the family with us!\u00a0[\/vc_column_text][\/vc_column][\/vc_row][vc_row][vc_column][vc_empty_space height=&#8221;60px&#8221;][\/vc_column][\/vc_row][vc_row][vc_column width=&#8221;1\/2&#8243;][vc_column_text]<\/p>\n<h2 style=\"text-align: left;\">Interested in\u00a0working with us this summer?<\/h2>\n<p style=\"text-align: center;\">We are looking for staff in the kitchen, restaurant and cleaning.<br \/>\nClick here to read about the services![\/vc_column_text][\/vc_column][vc_column width=&#8221;1\/2&#8243;]\n            <div class=\"overlaybox-wrapper ob-size-medium  ob-textalign-middle\"\n                style=\"background-image: url(https:\/\/www.hotellalvdalen.se\/wp-content\/uploads\/2016\/01\/IMG_9677.jpg);\n                    background-position: center center;\n                    background-repeat: no-repeat;\n                    background-size: cover;\"\n                >\n                <div class=\"ob-content\">\n                    \n                <\/div>\n            <\/div>\n        [\/vc_column][\/vc_row][vc_row][vc_column][vc_empty_space height=&#8221;60px&#8221;][\/vc_column][\/vc_row][vc_row][vc_column width=&#8221;1\/2&#8243;]\n            <div class=\"overlaybox-wrapper ob-size-medium  ob-textalign-middle\"\n                style=\"background-image: url(https:\/\/www.hotellalvdalen.se\/wp-content\/uploads\/2016\/01\/Ring-pa---klockan.jpg);\n                    background-position: center center;\n                    background-repeat: no-repeat;\n                    background-size: cover;\"\n                >\n                <div class=\"ob-content\">\n                    \n                <\/div>\n            <\/div>\n        [\/vc_column][vc_column width=&#8221;1\/2&#8243;][vc_column_text]<\/p>\n<h2>Renovation<\/h2>\n<p>We are currently renovating the hotel so it can get a little messy and noisy at times. We sincerely apologize for it and hope you have patience.[\/vc_column_text][\/vc_column][\/vc_row][vc_row][vc_column][vc_empty_space height=&#8221;60px&#8221;][\/vc_column][\/vc_row][vc_row][vc_column width=&#8221;1\/2&#8243;][vc_column_text]<\/p>\n<h2>Find us<\/h2>\n<p><strong>By car<\/strong><br \/>\nHotel \u00c4lvdalen is located in the center of \u00c4lvdalen with close to two grocery stores. <a href=\"http:\/\/www.alvdalenssportcenter.se\/sv\/\" target=\"_blank\" rel=\"noopener\">\u00c4lvdalens Sportcenter<\/a> where you among other things can rent your skis. A sports hall with groomed ski trails in the winter. <a href=\"http:\/\/www.alvdalen.se\/sv\/Kultur-och-fritid\/\" target=\"_blank\" rel=\"noopener\">Ice rink and public swimming poo<\/a>l with 50 meter pool and <a href=\"https:\/\/www.svenskakyrkan.se\/default.aspx?id=659867\" target=\"_blank\" rel=\"noopener\">\u00c4lvdalens beautiful church.<\/a><\/p>\n<p><strong>By train<br \/>\n<\/strong>It takes about 4 hours from Stockholm to Mora with <a href=\"https:\/\/www.sj.se\/#\/\" target=\"_blank\" rel=\"noopener\">SJ.<\/a> There are six daily tours on weekdays, fewer on weekends. Then take the bus to \u00c4lvdalen which takes about 30 minutes.<\/p>\n<p><strong>By bus<\/strong><br \/>\nBus Services between Stockholm and Mora are daily and the trip takes 4.5 hours. The traffic handled by <a href=\"http:\/\/masexpressen.se\/\" target=\"_blank\" rel=\"noopener\">Masexpressen<\/a> emanating from <a href=\"http:\/\/www.mora.se\/miljo--trafik\/resecentrum\/\" target=\"_blank\" rel=\"noopener\">Mora Train Station.<\/a> Then take the bus to \u00c4lvdalen which takes about 30 minutes.<\/p>\n<p><strong>Other<\/strong><br \/>\n<a href=\"http:\/\/www.dalatrafik.se\/sv\/sa-har-reser-du\/\" target=\"_blank\" rel=\"noopener\">Dalatrafik<\/a> provides bus connections in\u00a0the municipality and between municipalities in the county. [\/vc_column_text][\/vc_column][vc_column width=&#8221;1\/2&#8243;][vc_gmaps link=&#8221;#E-8_JTNDaWZyYW1lJTIwc3JjJTNEJTIyaHR0cHMlM0ElMkYlMkZ3d3cuZ29vZ2xlLmNvbSUyRm1hcHMlMkZlbWJlZCUzRnBiJTNEJTIxMW0xOCUyMTFtMTIlMjExbTMlMjExZDE5MjAuMzU3NzE2NzY1ODAxNiUyMTJkMTQuMDM0NzM0NDY3MDA3NjY3JTIxM2Q2MS4yMjg3MDU2NTA0NTAzNSUyMTJtMyUyMTFmMCUyMTJmMCUyMTNmMCUyMTNtMiUyMTFpMTAyNCUyMTJpNzY4JTIxNGYxMy4xJTIxM20zJTIxMW0yJTIxMXMweDQ2Njg2NGVhZmRmNTMwNDklMjUzQTB4ZTNhYTE4MTZjNDVkMWY0NSUyMTJzSG90ZWxsJTJCJTI1QzMlMjU4NGx2ZGFsZW4lMjE1ZTAlMjEzbTIlMjExc3N2JTIxMnN1cyUyMTR2MTQ1OTUwOTA1MDg5NCUyMiUyMHdpZHRoJTNEJTIyNjAwJTIyJTIwaGVpZ2h0JTNEJTIyNDUwJTIyJTIwZnJhbWVib3JkZXIlM0QlMjIwJTIyJTIwc3R5bGUlM0QlMjJib3JkZXIlM0EwJTIyJTIwYWxsb3dmdWxsc2NyZWVuJTNFJTNDJTJGaWZyYW1lJTNF&#8221; size=&#8221;400&#8243; css=&#8221;.vc_custom_1465916206688{padding-top: 5px !important;border-radius: 1px !important;}&#8221;][\/vc_column][\/vc_row]<\/p>\n<\/div>","protected":false},"excerpt":{"rendered":"<p>[vc_row][vc_column][vc_empty_space height=&#8221;20px&#8221;][\/vc_column][\/vc_row][vc_row][vc_column][vc_column_text] Experience\u00a0hotel At the moment we are creating a experience hotel with \u00c4lvdalens history as a basis. Here you will take part of the history of Hagstr\u00f6m who in 1925 started the factory with the production of accordions in \u00c4lvdalen and later exported guitars worldwide. World artists such as Elvis, Frank Zappa, Jimi Hendrix [&hellip;]<\/p>\n","protected":false},"author":7,"featured_media":0,"parent":0,"menu_order":0,"comment_status":"closed","ping_status":"closed","template":"templates\/template-frontpage.php","meta":{"footnotes":""},"class_list":["post-6961","page","type-page","status-publish","hentry"],"_links":{"self":[{"href":"https:\/\/www.hotellalvdalen.se\/en\/wp-json\/wp\/v2\/pages\/6961","targetHints":{"allow":["GET"]}}],"collection":[{"href":"https:\/\/www.hotellalvdalen.se\/en\/wp-json\/wp\/v2\/pages"}],"about":[{"href":"https:\/\/www.hotellalvdalen.se\/en\/wp-json\/wp\/v2\/types\/page"}],"author":[{"embeddable":true,"href":"https:\/\/www.hotellalvdalen.se\/en\/wp-json\/wp\/v2\/users\/7"}],"replies":[{"embeddable":true,"href":"https:\/\/www.hotellalvdalen.se\/en\/wp-json\/wp\/v2\/comments?post=6961"}],"version-history":[{"count":5,"href":"https:\/\/www.hotellalvdalen.se\/en\/wp-json\/wp\/v2\/pages\/6961\/revisions"}],"predecessor-version":[{"id":7913,"href":"https:\/\/www.hotellalvdalen.se\/en\/wp-json\/wp\/v2\/pages\/6961\/revisions\/7913"}],"wp:attachment":[{"href":"https:\/\/www.hotellalvdalen.se\/en\/wp-json\/wp\/v2\/media?parent=6961"}],"curies":[{"name":"wp","href":"https:\/\/api.w.org\/{rel}","templated":true}]}}